{"id":1046,"date":"2020-07-16T14:49:56","date_gmt":"2020-07-16T11:49:56","guid":{"rendered":"https:\/\/panamir.com\/teenused\/"},"modified":"2024-05-20T12:28:56","modified_gmt":"2024-05-20T09:28:56","slug":"teenused","status":"publish","type":"page","link":"https:\/\/panamir.com\/et\/teenused\/","title":{"rendered":"Teenused"},"content":{"rendered":"\t\t<div data-elementor-type=\"wp-page\" data-elementor-id=\"1046\" class=\"elementor elementor-1046 elementor-214\" data-elementor-post-type=\"page\">\n\t\t\t\t\t\t<section class=\"elementor-section elementor-top-section elementor-element elementor-element-250ef01 elementor-section-full_width elementor-section-height-default elementor-section-height-default\" data-id=\"250ef01\" data-element_type=\"section\" data-e-type=\"section\" data-settings=\"{&quot;background_background&quot;:&quot;classic&quot;}\">\n\t\t\t\t\t\t\t<div class=\"elementor-background-overlay\"><\/div>\n\t\t\t\t\t\t\t<div class=\"elementor-container elementor-column-gap-default\">\n\t\t\t\t\t<div class=\"elementor-column elementor-col-33 elementor-top-column elementor-element elementor-element-2f19ea2\" data-id=\"2f19ea2\" data-element_type=\"column\" data-e-type=\"column\">\n\t\t\t<div class=\"elementor-widget-wrap\">\n\t\t\t\t\t\t\t<\/div>\n\t\t<\/div>\n\t\t\t\t<div class=\"elementor-column elementor-col-33 elementor-top-column elementor-element elementor-element-2547ce5\" data-id=\"2547ce5\" data-element_type=\"column\" data-e-type=\"column\">\n\t\t\t<div class=\"elementor-widget-wrap elementor-element-populated\">\n\t\t\t\t\t\t<section class=\"elementor-section elementor-inner-section elementor-element elementor-element-ed16919 elementor-section-boxed elementor-section-height-default elementor-section-height-default\" data-id=\"ed16919\" data-element_type=\"section\" data-e-type=\"section\">\n\t\t\t\t\t\t<div class=\"elementor-container elementor-column-gap-default\">\n\t\t\t\t\t<div class=\"elementor-column elementor-col-100 elementor-inner-column elementor-element elementor-element-4ee7154\" data-id=\"4ee7154\" data-element_type=\"column\" data-e-type=\"column\">\n\t\t\t<div class=\"elementor-widget-wrap elementor-element-populated\">\n\t\t\t\t\t\t<div class=\"elementor-element elementor-element-886dc75 elementor-widget elementor-widget-text-editor\" data-id=\"886dc75\" data-element_type=\"widget\" data-e-type=\"widget\" data-widget_type=\"text-editor.default\">\n\t\t\t\t<div class=\"elementor-widget-container\">\n\t\t\t\t\t\t\t\t\t<h2>Teenused<\/h2>\n\t\t\t\t\t\t\t\t<\/div>\n\t\t\t\t<\/div>\n\t\t\t\t\t<\/div>\n\t\t<\/div>\n\t\t\t\t\t<\/div>\n\t\t<\/section>\n\t\t\t\t<section class=\"elementor-section elementor-inner-section elementor-element elementor-element-526bee3 elementor-section-boxed elementor-section-height-default elementor-section-height-default\" data-id=\"526bee3\" data-element_type=\"section\" data-e-type=\"section\">\n\t\t\t\t\t\t<div class=\"elementor-container elementor-column-gap-default\">\n\t\t\t\t\t<div class=\"elementor-column elementor-col-100 elementor-inner-column elementor-element elementor-element-0addee4\" data-id=\"0addee4\" data-element_type=\"column\" data-e-type=\"column\">\n\t\t\t<div class=\"elementor-widget-wrap elementor-element-populated\">\n\t\t\t\t\t\t<div class=\"elementor-element elementor-element-141c26c elementor-widget elementor-widget-text-editor\" data-id=\"141c26c\" data-element_type=\"widget\" data-e-type=\"widget\" data-widget_type=\"text-editor.default\">\n\t\t\t\t<div class=\"elementor-widget-container\">\n\t\t\t\t\t\t\t\t\t<h3>Kakaoubade ladustamise ja puhastamise teenused<\/h3>\n\t\t\t\t\t\t\t\t<\/div>\n\t\t\t\t<\/div>\n\t\t\t\t\t<\/div>\n\t\t<\/div>\n\t\t\t\t\t<\/div>\n\t\t<\/section>\n\t\t\t\t<section class=\"elementor-section elementor-inner-section elementor-element elementor-element-8942976 elementor-section-boxed elementor-section-height-default elementor-section-height-default\" data-id=\"8942976\" data-element_type=\"section\" data-e-type=\"section\">\n\t\t\t\t\t\t<div class=\"elementor-container elementor-column-gap-default\">\n\t\t\t\t\t<div class=\"elementor-column elementor-col-50 elementor-inner-column elementor-element elementor-element-bc07c44\" data-id=\"bc07c44\" data-element_type=\"column\" data-e-type=\"column\">\n\t\t\t<div class=\"elementor-widget-wrap elementor-element-populated\">\n\t\t\t\t\t\t<div class=\"elementor-element elementor-element-5d7e62c elementor-widget elementor-widget-text-editor\" data-id=\"5d7e62c\" data-element_type=\"widget\" data-e-type=\"widget\" data-widget_type=\"text-editor.default\">\n\t\t\t\t<div class=\"elementor-widget-container\">\n\t\t\t\t\t\t\t\t\t<p>Ettev\u00f5tte Panamir toodang on k\u00f5rgelt hinnatud kogu maailmas. Algul tegeles Eesti kodaniku Kirill Gorlat\u0161ovi poolt 2008. aastal asutatud ettev\u00f5te logistika k\u00fcsimustega. Seej\u00e4rel osutati kohvi ja kakao m\u00fc\u00fcgi vahendusteenuseid ning seej\u00e4rel otsustas ta l\u00f5plikult oma tegeliku kutsumuse kasuks. 2017. aastal avas Panamir oma tootmise ainulaadsete seadmetega kakaoubade t\u00f6\u00f6tlemiseks. T\u00e4iusliku toote saame kvaliteetsest toorainest. Tehas ise paistab silma oma geograafilise asukohaga, kuna asub Eesti linnas Keilas L\u00e4\u00e4nemere peamiste sadamate vahel. T\u00e4nu asukohale on Panamiril olulisi logistilisi eeliseid: ta tarnib tooteid meritsi Euroopasse ja P\u00f5hja-Ameerika turule ja veab kaupa raudteel Aasiasse. Seega on tarnimine Panamirist teile alati kasulik.<\/p><div id=\"gtx-trans\" style=\"position: absolute; left: 117px; top: 159.2px;\"><div class=\"gtx-trans-icon\">\u00a0<\/div><\/div>\t\t\t\t\t\t\t\t<\/div>\n\t\t\t\t<\/div>\n\t\t\t\t\t<\/div>\n\t\t<\/div>\n\t\t\t\t<div class=\"elementor-column elementor-col-50 elementor-inner-column elementor-element elementor-element-8296736\" data-id=\"8296736\" data-element_type=\"column\" data-e-type=\"column\">\n\t\t\t<div class=\"elementor-widget-wrap\">\n\t\t\t\t\t\t\t<\/div>\n\t\t<\/div>\n\t\t\t\t\t<\/div>\n\t\t<\/section>\n\t\t\t\t\t<\/div>\n\t\t<\/div>\n\t\t\t\t<div class=\"elementor-column elementor-col-33 elementor-top-column elementor-element elementor-element-058bb01\" data-id=\"058bb01\" data-element_type=\"column\" data-e-type=\"column\">\n\t\t\t<div class=\"elementor-widget-wrap\">\n\t\t\t\t\t\t\t<\/div>\n\t\t<\/div>\n\t\t\t\t\t<\/div>\n\t\t<\/section>\n\t\t\t\t<section class=\"elementor-section elementor-top-section elementor-element elementor-element-97b1509 elementor-section-full_width elementor-section-height-default elementor-section-height-default\" data-id=\"97b1509\" data-element_type=\"section\" data-e-type=\"section\">\n\t\t\t\t\t\t<div class=\"elementor-container elementor-column-gap-default\">\n\t\t\t\t\t<div class=\"elementor-column elementor-col-33 elementor-top-column elementor-element elementor-element-c4f89c1\" data-id=\"c4f89c1\" data-element_type=\"column\" data-e-type=\"column\">\n\t\t\t<div class=\"elementor-widget-wrap\">\n\t\t\t\t\t\t\t<\/div>\n\t\t<\/div>\n\t\t\t\t<div class=\"elementor-column elementor-col-33 elementor-top-column elementor-element elementor-element-d55cd50\" data-id=\"d55cd50\" data-element_type=\"column\" data-e-type=\"column\">\n\t\t\t<div class=\"elementor-widget-wrap elementor-element-populated\">\n\t\t\t\t\t\t<section class=\"elementor-section elementor-inner-section elementor-element elementor-element-375113f elementor-section-boxed elementor-section-height-default elementor-section-height-default\" data-id=\"375113f\" data-element_type=\"section\" data-e-type=\"section\">\n\t\t\t\t\t\t<div class=\"elementor-container elementor-column-gap-default\">\n\t\t\t\t\t<div class=\"elementor-column elementor-col-50 elementor-inner-column elementor-element elementor-element-0e369f5\" data-id=\"0e369f5\" data-element_type=\"column\" data-e-type=\"column\">\n\t\t\t<div class=\"elementor-widget-wrap elementor-element-populated\">\n\t\t\t\t\t\t<div class=\"elementor-element elementor-element-fc7f24c elementor-widget elementor-widget-text-editor\" data-id=\"fc7f24c\" data-element_type=\"widget\" data-e-type=\"widget\" data-widget_type=\"text-editor.default\">\n\t\t\t\t<div class=\"elementor-widget-container\">\n\t\t\t\t\t\t\t\t\t<p>Ettev\u00f5tte tooted vastavad k\u00f5rgeimatele standarditele. Tehases toimub neli protsessi:<\/p><p><span class=\"tm7\">1.<\/span> kakaoubade puhastamine ja sorteerimine;<br \/><span class=\"tm7\">2.<\/span> purustamine ja r\u00f6stimine;<br \/><span class=\"tm7\">3.<\/span> kakaonibside jahvatamine kakaomassiks;<br \/><span class=\"tm7\">4.<\/span> kakaopulbri tootmine.<\/p>\t\t\t\t\t\t\t\t<\/div>\n\t\t\t\t<\/div>\n\t\t\t\t\t<\/div>\n\t\t<\/div>\n\t\t\t\t<div class=\"elementor-column elementor-col-50 elementor-inner-column elementor-element elementor-element-915c228\" data-id=\"915c228\" data-element_type=\"column\" data-e-type=\"column\">\n\t\t\t<div class=\"elementor-widget-wrap\">\n\t\t\t\t\t\t\t<\/div>\n\t\t<\/div>\n\t\t\t\t\t<\/div>\n\t\t<\/section>\n\t\t\t\t\t<\/div>\n\t\t<\/div>\n\t\t\t\t<div class=\"elementor-column elementor-col-33 elementor-top-column elementor-element elementor-element-d2879d8\" data-id=\"d2879d8\" data-element_type=\"column\" data-e-type=\"column\">\n\t\t\t<div class=\"elementor-widget-wrap\">\n\t\t\t\t\t\t\t<\/div>\n\t\t<\/div>\n\t\t\t\t\t<\/div>\n\t\t<\/section>\n\t\t\t\t<section class=\"elementor-section elementor-top-section elementor-element elementor-element-64cfc6b elementor-section-full_width elementor-section-height-default elementor-section-height-default\" data-id=\"64cfc6b\" data-element_type=\"section\" data-e-type=\"section\">\n\t\t\t\t\t\t<div class=\"elementor-container elementor-column-gap-default\">\n\t\t\t\t\t<div class=\"elementor-column elementor-col-33 elementor-top-column elementor-element elementor-element-349e70b\" data-id=\"349e70b\" data-element_type=\"column\" data-e-type=\"column\">\n\t\t\t<div class=\"elementor-widget-wrap\">\n\t\t\t\t\t\t\t<\/div>\n\t\t<\/div>\n\t\t\t\t<div class=\"elementor-column elementor-col-33 elementor-top-column elementor-element elementor-element-5b712e1\" data-id=\"5b712e1\" data-element_type=\"column\" data-e-type=\"column\">\n\t\t\t<div class=\"elementor-widget-wrap elementor-element-populated\">\n\t\t\t\t\t\t<section class=\"elementor-section elementor-inner-section elementor-element elementor-element-1b39aae elementor-section-boxed elementor-section-height-default elementor-section-height-default\" data-id=\"1b39aae\" data-element_type=\"section\" data-e-type=\"section\">\n\t\t\t\t\t\t<div class=\"elementor-container elementor-column-gap-default\">\n\t\t\t\t\t<div class=\"elementor-column elementor-col-50 elementor-inner-column elementor-element elementor-element-e750d54\" data-id=\"e750d54\" data-element_type=\"column\" data-e-type=\"column\">\n\t\t\t<div class=\"elementor-widget-wrap elementor-element-populated\">\n\t\t\t\t\t\t<div class=\"elementor-element elementor-element-3ed8038 elementor-widget elementor-widget-text-editor\" data-id=\"3ed8038\" data-element_type=\"widget\" data-e-type=\"widget\" data-widget_type=\"text-editor.default\">\n\t\t\t\t<div class=\"elementor-widget-container\">\n\t\t\t\t\t\t\t\t\t<p>\u00dcks kakaouba l\u00e4bib t\u00f6\u00f6tlemise t\u00e4ists\u00fckli: s\u00f5elumine ja k\u00f5rvaliste lisandite (kivide,mustuse jms) eemaldamine, purustamine\/peenestamine ja r\u00f6stimine, steriliseerimine ja vaakumpakendamine.<\/p><p>Panamiri toodete kvaliteeti iseloomustavad m\u00e4rkimisv\u00e4\u00e4rsed investeeringud tehase t\u00f6\u00f6tlemisseadmetesse, mis on v\u00e4lja t\u00f6\u00f6tatud Euroopa parimates ettev\u00f5tetes (n\u00e4iteks r\u00f6stimistsehh saksa tootjalt BEAR Mills &amp;amp; Tanks GmbH ja kakaomassi tootmise seadmed ettev\u00f5ttelt Caotech B.V. ). Tehasel on oma laboratoorium, mis j\u00e4lgib v\u00e4simatult toodetud kakaomassi ja kakaopulbri kvaliteeti, samuti kakaoubade puhastamist ja ladustamist. Tooted on sertifitseeritud vastavalt ISO ja HACCP standarditele.<\/p>\t\t\t\t\t\t\t\t<\/div>\n\t\t\t\t<\/div>\n\t\t\t\t\t<\/div>\n\t\t<\/div>\n\t\t\t\t<div class=\"elementor-column elementor-col-50 elementor-inner-column elementor-element elementor-element-28cb49e\" data-id=\"28cb49e\" data-element_type=\"column\" data-e-type=\"column\">\n\t\t\t<div class=\"elementor-widget-wrap\">\n\t\t\t\t\t\t\t<\/div>\n\t\t<\/div>\n\t\t\t\t\t<\/div>\n\t\t<\/section>\n\t\t\t\t\t<\/div>\n\t\t<\/div>\n\t\t\t\t<div class=\"elementor-column elementor-col-33 elementor-top-column elementor-element elementor-element-523a408\" data-id=\"523a408\" data-element_type=\"column\" data-e-type=\"column\">\n\t\t\t<div class=\"elementor-widget-wrap\">\n\t\t\t\t\t\t\t<\/div>\n\t\t<\/div>\n\t\t\t\t\t<\/div>\n\t\t<\/section>\n\t\t\t\t<\/div>\n\t\t","protected":false},"excerpt":{"rendered":"<p>Teenused Kakaoubade ladustamise ja puhastamise teenused Ettev\u00f5tte Panamir toodang on k\u00f5rgelt hinnatud kogu maailmas. Algul tegeles Eesti kodaniku Kirill Gorlat\u0161ovi poolt 2008. aastal asutatud ettev\u00f5te logistika k\u00fcsimustega. Seej\u00e4rel osutati kohvi ja kakao m\u00fc\u00fcgi vahendusteenuseid ning seej\u00e4rel otsustas ta l\u00f5plikult oma tegeliku kutsumuse kasuks. 2017. aastal avas Panamir oma tootmise ainulaadsete seadmetega kakaoubade t\u00f6\u00f6tlemiseks. T\u00e4iusliku toote [&hellip;]<\/p>\n","protected":false},"author":2,"featured_media":0,"parent":0,"menu_order":0,"comment_status":"closed","ping_status":"closed","template":"","meta":{"footnotes":""},"class_list":["post-1046","page","type-page","status-publish","hentry"],"yoast_head":"<!-- This site is optimized with the Yoast SEO plugin v27.1.1 - https:\/\/yoast.com\/product\/yoast-seo-wordpress\/ -->\n<title>Teenused - Panamir<\/title>\n<meta name=\"robots\" content=\"index, follow, max-snippet:-1, max-image-preview:large, max-video-preview:-1\" \/>\n<link rel=\"canonical\" href=\"https:\/\/panamir.com\/services\/\" \/>\n<meta property=\"og:locale\" content=\"et_EE\" \/>\n<meta property=\"og:type\" content=\"article\" \/>\n<meta property=\"og:title\" content=\"Teenused - Panamir\" \/>\n<meta property=\"og:description\" content=\"Teenused Kakaoubade ladustamise ja puhastamise teenused Ettev\u00f5tte Panamir toodang on k\u00f5rgelt hinnatud kogu maailmas. Algul tegeles Eesti kodaniku Kirill Gorlat\u0161ovi poolt 2008. aastal asutatud ettev\u00f5te logistika k\u00fcsimustega. Seej\u00e4rel osutati kohvi ja kakao m\u00fc\u00fcgi vahendusteenuseid ning seej\u00e4rel otsustas ta l\u00f5plikult oma tegeliku kutsumuse kasuks. 2017. aastal avas Panamir oma tootmise ainulaadsete seadmetega kakaoubade t\u00f6\u00f6tlemiseks. T\u00e4iusliku toote [&hellip;]\" \/>\n<meta property=\"og:url\" content=\"https:\/\/panamir.com\/services\/\" \/>\n<meta property=\"og:site_name\" content=\"Panamir\" \/>\n<meta property=\"article:modified_time\" content=\"2024-05-20T09:28:56+00:00\" \/>\n<meta name=\"twitter:card\" content=\"summary_large_image\" \/>\n<meta name=\"twitter:label1\" content=\"Est. reading time\" \/>\n\t<meta name=\"twitter:data1\" content=\"2 minutit\" \/>\n<script type=\"application\/ld+json\" class=\"yoast-schema-graph\">{\"@context\":\"https:\/\/schema.org\",\"@graph\":[{\"@type\":\"WebPage\",\"@id\":\"https:\/\/panamir.com\/services\/\",\"url\":\"https:\/\/panamir.com\/services\/\",\"name\":\"Teenused - Panamir\",\"isPartOf\":{\"@id\":\"https:\/\/panamir.com\/#website\"},\"datePublished\":\"2020-07-16T11:49:56+00:00\",\"dateModified\":\"2024-05-20T09:28:56+00:00\",\"breadcrumb\":{\"@id\":\"https:\/\/panamir.com\/services\/#breadcrumb\"},\"inLanguage\":\"et\",\"potentialAction\":[{\"@type\":\"ReadAction\",\"target\":[\"https:\/\/panamir.com\/services\/\"]}]},{\"@type\":\"BreadcrumbList\",\"@id\":\"https:\/\/panamir.com\/services\/#breadcrumb\",\"itemListElement\":[{\"@type\":\"ListItem\",\"position\":1,\"name\":\"\u0413\u043b\u0430\u0432\u043d\u0430\u044f \u0441\u0442\u0440\u0430\u043d\u0438\u0446\u0430\",\"item\":\"https:\/\/panamir.com\/\"},{\"@type\":\"ListItem\",\"position\":2,\"name\":\"Teenused\"}]},{\"@type\":\"WebSite\",\"@id\":\"https:\/\/panamir.com\/#website\",\"url\":\"https:\/\/panamir.com\/\",\"name\":\"Panamir\",\"description\":\"\u041f\u0440\u043e\u0434\u0430\u0436\u0430 \u043a\u0430\u043a\u0430\u043e \u0432\u044b\u0441\u043e\u043a\u043e\u0433\u043e \u043a\u0430\u0447\u0435\u0441\u0442\u0432\u0430\",\"potentialAction\":[{\"@type\":\"SearchAction\",\"target\":{\"@type\":\"EntryPoint\",\"urlTemplate\":\"https:\/\/panamir.com\/?s={search_term_string}\"},\"query-input\":{\"@type\":\"PropertyValueSpecification\",\"valueRequired\":true,\"valueName\":\"search_term_string\"}}],\"inLanguage\":\"et\"}]}<\/script>\n<!-- \/ Yoast SEO plugin. -->","yoast_head_json":{"title":"Teenused - Panamir","robots":{"index":"index","follow":"follow","max-snippet":"max-snippet:-1","max-image-preview":"max-image-preview:large","max-video-preview":"max-video-preview:-1"},"canonical":"https:\/\/panamir.com\/services\/","og_locale":"et_EE","og_type":"article","og_title":"Teenused - Panamir","og_description":"Teenused Kakaoubade ladustamise ja puhastamise teenused Ettev\u00f5tte Panamir toodang on k\u00f5rgelt hinnatud kogu maailmas. Algul tegeles Eesti kodaniku Kirill Gorlat\u0161ovi poolt 2008. aastal asutatud ettev\u00f5te logistika k\u00fcsimustega. Seej\u00e4rel osutati kohvi ja kakao m\u00fc\u00fcgi vahendusteenuseid ning seej\u00e4rel otsustas ta l\u00f5plikult oma tegeliku kutsumuse kasuks. 2017. aastal avas Panamir oma tootmise ainulaadsete seadmetega kakaoubade t\u00f6\u00f6tlemiseks. T\u00e4iusliku toote [&hellip;]","og_url":"https:\/\/panamir.com\/services\/","og_site_name":"Panamir","article_modified_time":"2024-05-20T09:28:56+00:00","twitter_card":"summary_large_image","twitter_misc":{"Est. reading time":"2 minutit"},"schema":{"@context":"https:\/\/schema.org","@graph":[{"@type":"WebPage","@id":"https:\/\/panamir.com\/services\/","url":"https:\/\/panamir.com\/services\/","name":"Teenused - Panamir","isPartOf":{"@id":"https:\/\/panamir.com\/#website"},"datePublished":"2020-07-16T11:49:56+00:00","dateModified":"2024-05-20T09:28:56+00:00","breadcrumb":{"@id":"https:\/\/panamir.com\/services\/#breadcrumb"},"inLanguage":"et","potentialAction":[{"@type":"ReadAction","target":["https:\/\/panamir.com\/services\/"]}]},{"@type":"BreadcrumbList","@id":"https:\/\/panamir.com\/services\/#breadcrumb","itemListElement":[{"@type":"ListItem","position":1,"name":"\u0413\u043b\u0430\u0432\u043d\u0430\u044f \u0441\u0442\u0440\u0430\u043d\u0438\u0446\u0430","item":"https:\/\/panamir.com\/"},{"@type":"ListItem","position":2,"name":"Teenused"}]},{"@type":"WebSite","@id":"https:\/\/panamir.com\/#website","url":"https:\/\/panamir.com\/","name":"Panamir","description":"\u041f\u0440\u043e\u0434\u0430\u0436\u0430 \u043a\u0430\u043a\u0430\u043e \u0432\u044b\u0441\u043e\u043a\u043e\u0433\u043e \u043a\u0430\u0447\u0435\u0441\u0442\u0432\u0430","potentialAction":[{"@type":"SearchAction","target":{"@type":"EntryPoint","urlTemplate":"https:\/\/panamir.com\/?s={search_term_string}"},"query-input":{"@type":"PropertyValueSpecification","valueRequired":true,"valueName":"search_term_string"}}],"inLanguage":"et"}]}},"_links":{"self":[{"href":"https:\/\/panamir.com\/et\/wp-json\/wp\/v2\/pages\/1046","targetHints":{"allow":["GET"]}}],"collection":[{"href":"https:\/\/panamir.com\/et\/wp-json\/wp\/v2\/pages"}],"about":[{"href":"https:\/\/panamir.com\/et\/wp-json\/wp\/v2\/types\/page"}],"author":[{"embeddable":true,"href":"https:\/\/panamir.com\/et\/wp-json\/wp\/v2\/users\/2"}],"replies":[{"embeddable":true,"href":"https:\/\/panamir.com\/et\/wp-json\/wp\/v2\/comments?post=1046"}],"version-history":[{"count":13,"href":"https:\/\/panamir.com\/et\/wp-json\/wp\/v2\/pages\/1046\/revisions"}],"predecessor-version":[{"id":4361,"href":"https:\/\/panamir.com\/et\/wp-json\/wp\/v2\/pages\/1046\/revisions\/4361"}],"wp:attachment":[{"href":"https:\/\/panamir.com\/et\/wp-json\/wp\/v2\/media?parent=1046"}],"curies":[{"name":"wp","href":"https:\/\/api.w.org\/{rel}","templated":true}]}}