{"id":1050,"date":"2020-07-16T14:50:27","date_gmt":"2020-07-16T11:50:27","guid":{"rendered":"https:\/\/panamir.com\/litsentsid-ja-sertifikaadid\/"},"modified":"2024-11-28T16:51:43","modified_gmt":"2024-11-28T13:51:43","slug":"litsentsid-ja-sertifikaadid","status":"publish","type":"page","link":"https:\/\/panamir.com\/et\/litsentsid-ja-sertifikaadid\/","title":{"rendered":"Litsentsid ja sertifikaadid"},"content":{"rendered":"\t\t<div data-elementor-type=\"wp-page\" data-elementor-id=\"1050\" class=\"elementor elementor-1050 elementor-218\" data-elementor-post-type=\"page\">\n\t\t\t\t\t\t<section class=\"elementor-section elementor-top-section elementor-element elementor-element-5e679ffd elementor-section-full_width elementor-section-height-default elementor-section-height-default\" data-id=\"5e679ffd\" data-element_type=\"section\" data-e-type=\"section\">\n\t\t\t\t\t\t\t<div class=\"elementor-background-overlay\"><\/div>\n\t\t\t\t\t\t\t<div class=\"elementor-container elementor-column-gap-default\">\n\t\t\t\t\t<div class=\"elementor-column elementor-col-33 elementor-top-column elementor-element elementor-element-4d2b7eec\" data-id=\"4d2b7eec\" data-element_type=\"column\" data-e-type=\"column\">\n\t\t\t<div class=\"elementor-widget-wrap\">\n\t\t\t\t\t\t\t<\/div>\n\t\t<\/div>\n\t\t\t\t<div class=\"elementor-column elementor-col-33 elementor-top-column elementor-element elementor-element-40ec2120\" data-id=\"40ec2120\" data-element_type=\"column\" data-e-type=\"column\">\n\t\t\t<div class=\"elementor-widget-wrap elementor-element-populated\">\n\t\t\t\t\t\t<div class=\"elementor-element elementor-element-7c2e53c6 elementor-widget elementor-widget-text-editor\" data-id=\"7c2e53c6\" data-element_type=\"widget\" data-e-type=\"widget\" data-widget_type=\"text-editor.default\">\n\t\t\t\t<div class=\"elementor-widget-container\">\n\t\t\t\t\t\t\t\t\t<h2>Litsentsid ja sertifikaadid<\/h2>\n\t\t\t\t\t\t\t\t<\/div>\n\t\t\t\t<\/div>\n\t\t\t\t<section class=\"elementor-section elementor-inner-section elementor-element elementor-element-179951da elementor-section-full_width elementor-section-height-default elementor-section-height-default\" data-id=\"179951da\" data-element_type=\"section\" data-e-type=\"section\">\n\t\t\t\t\t\t<div class=\"elementor-container elementor-column-gap-default\">\n\t\t\t\t\t<div class=\"elementor-column elementor-col-50 elementor-inner-column elementor-element elementor-element-39c267b4\" data-id=\"39c267b4\" data-element_type=\"column\" data-e-type=\"column\">\n\t\t\t<div class=\"elementor-widget-wrap elementor-element-populated\">\n\t\t\t\t\t\t<div class=\"elementor-element elementor-element-26a72e6d elementor-widget elementor-widget-text-editor\" data-id=\"26a72e6d\" data-element_type=\"widget\" data-e-type=\"widget\" data-widget_type=\"text-editor.default\">\n\t\t\t\t<div class=\"elementor-widget-container\">\n\t\t\t\t\t\t\t\t\t<p style=\"font-size: 22px;\">Ettev\u00f5ttel Panamir on kakaotoodete tootmiseks k\u00f5ik vajalikud load ja litsentsid:<\/p>\n\t\t\t\t\t\t\t\t<\/div>\n\t\t\t\t<\/div>\n\t\t\t\t\t<\/div>\n\t\t<\/div>\n\t\t\t\t<div class=\"elementor-column elementor-col-50 elementor-inner-column elementor-element elementor-element-21b747d\" data-id=\"21b747d\" data-element_type=\"column\" data-e-type=\"column\">\n\t\t\t<div class=\"elementor-widget-wrap\">\n\t\t\t\t\t\t\t<\/div>\n\t\t<\/div>\n\t\t\t\t\t<\/div>\n\t\t<\/section>\n\t\t\t\t<section class=\"elementor-section elementor-inner-section elementor-element elementor-element-39456de8 elementor-section-boxed elementor-section-height-default elementor-section-height-default\" data-id=\"39456de8\" data-element_type=\"section\" data-e-type=\"section\">\n\t\t\t\t\t\t<div class=\"elementor-container elementor-column-gap-default\">\n\t\t\t\t\t<div class=\"elementor-column elementor-col-33 elementor-inner-column elementor-element elementor-element-71a05ebd\" data-id=\"71a05ebd\" data-element_type=\"column\" data-e-type=\"column\">\n\t\t\t<div class=\"elementor-widget-wrap\">\n\t\t\t\t\t\t\t<\/div>\n\t\t<\/div>\n\t\t\t\t<div class=\"elementor-column elementor-col-33 elementor-inner-column elementor-element elementor-element-75290fee\" data-id=\"75290fee\" data-element_type=\"column\" data-e-type=\"column\">\n\t\t\t<div class=\"elementor-widget-wrap elementor-element-populated\">\n\t\t\t\t\t\t<div class=\"elementor-element elementor-element-63926b6e elementor-widget elementor-widget-text-editor\" data-id=\"63926b6e\" data-element_type=\"widget\" data-e-type=\"widget\" data-widget_type=\"text-editor.default\">\n\t\t\t\t<div class=\"elementor-widget-container\">\n\t\t\t\t\t\t\t\t\t<ul class=\"coffe_list\">\n<li>2018. aastal l\u00e4bis O\u00dc Panamir ISO 1400 sertifitseerimise: 2015 \u00abKeskkonnajuhtimise s\u00fcsteem\u00bb ja 9001: 2015 \u00abKvaliteedijuhtimise s\u00fcsteem\u00bb.<\/li>\n<li>29.12.2018 v\u00e4ljastas Veterinaar- ja Toiduamet loa nr 1.1-18\/5168 kakao ja kakaotoodete t\u00f6\u00f6tlemiseks Eestis Keilas asuvas tehases.<\/li>\n<li>04.04.2019 v\u00e4ljastas Maksu- ja Tolliamet loa nr KI\/0390\/EE3000EE importkaupade k\u00e4ibemaksu lihtsustatud maksmise kohta<\/li>\n<\/ul>\n\t\t\t\t\t\t\t\t<\/div>\n\t\t\t\t<\/div>\n\t\t\t\t\t<\/div>\n\t\t<\/div>\n\t\t\t\t<div class=\"elementor-column elementor-col-33 elementor-inner-column elementor-element elementor-element-13e19feb\" data-id=\"13e19feb\" data-element_type=\"column\" data-e-type=\"column\">\n\t\t\t<div class=\"elementor-widget-wrap\">\n\t\t\t\t\t\t\t<\/div>\n\t\t<\/div>\n\t\t\t\t\t<\/div>\n\t\t<\/section>\n\t\t\t\t<section class=\"elementor-section elementor-inner-section elementor-element elementor-element-6a260b21 elementor-section-boxed elementor-section-height-default elementor-section-height-default\" data-id=\"6a260b21\" data-element_type=\"section\" data-e-type=\"section\">\n\t\t\t\t\t\t<div class=\"elementor-container elementor-column-gap-default\">\n\t\t\t\t\t<div class=\"elementor-column elementor-col-50 elementor-inner-column elementor-element elementor-element-50ba7af9\" data-id=\"50ba7af9\" data-element_type=\"column\" data-e-type=\"column\">\n\t\t\t<div class=\"elementor-widget-wrap elementor-element-populated\">\n\t\t\t\t\t\t<div class=\"elementor-element elementor-element-62179db3 elementor-widget elementor-widget-image\" data-id=\"62179db3\" data-element_type=\"widget\" data-e-type=\"widget\" data-widget_type=\"image.default\">\n\t\t\t\t<div class=\"elementor-widget-container\">\n\t\t\t\t\t\t\t\t\t\t\t\t\t\t\t\t<a href=\"https:\/\/panamir.com\/wp-content\/uploads\/2024\/11\/ISO-22000.pdf\">\n\t\t\t\t\t\t\t<img fetchpriority=\"high\" decoding=\"async\" width=\"640\" height=\"320\" src=\"https:\/\/panamir.com\/wp-content\/uploads\/2024\/11\/ISO_22000-1024x512.png\" class=\"attachment-large size-large wp-image-4798\" alt=\"\" srcset=\"https:\/\/panamir.com\/wp-content\/uploads\/2024\/11\/ISO_22000-1024x512.png 1024w, https:\/\/panamir.com\/wp-content\/uploads\/2024\/11\/ISO_22000-300x150.png 300w, https:\/\/panamir.com\/wp-content\/uploads\/2024\/11\/ISO_22000-768x384.png 768w, https:\/\/panamir.com\/wp-content\/uploads\/2024\/11\/ISO_22000-500x250.png 500w, https:\/\/panamir.com\/wp-content\/uploads\/2024\/11\/ISO_22000.png 1042w\" sizes=\"(max-width: 640px) 100vw, 640px\" \/>\t\t\t\t\t\t\t\t<\/a>\n\t\t\t\t\t\t\t\t\t\t\t\t\t\t\t<\/div>\n\t\t\t\t<\/div>\n\t\t\t\t\t<\/div>\n\t\t<\/div>\n\t\t\t\t<div class=\"elementor-column elementor-col-50 elementor-inner-column elementor-element elementor-element-368f3331\" data-id=\"368f3331\" data-element_type=\"column\" data-e-type=\"column\">\n\t\t\t<div class=\"elementor-widget-wrap elementor-element-populated\">\n\t\t\t\t\t\t<div class=\"elementor-element elementor-element-232e7ad2 elementor-widget elementor-widget-image\" data-id=\"232e7ad2\" data-element_type=\"widget\" data-e-type=\"widget\" data-widget_type=\"image.default\">\n\t\t\t\t<div class=\"elementor-widget-container\">\n\t\t\t\t\t\t\t\t\t\t\t\t\t\t\t\t<a href=\"https:\/\/panamir.com\/wp-content\/uploads\/2024\/11\/ISO-9001-ja-ISO-14001.pdf\">\n\t\t\t\t\t\t\t<img decoding=\"async\" width=\"640\" height=\"320\" data-src=\"https:\/\/panamir.com\/wp-content\/uploads\/2024\/11\/ISO_9001-ja-14001-1024x512.png\" class=\"attachment-large size-large wp-image-4801 lazyload\" alt=\"\" data-srcset=\"https:\/\/panamir.com\/wp-content\/uploads\/2024\/11\/ISO_9001-ja-14001-1024x512.png 1024w, https:\/\/panamir.com\/wp-content\/uploads\/2024\/11\/ISO_9001-ja-14001-300x150.png 300w, https:\/\/panamir.com\/wp-content\/uploads\/2024\/11\/ISO_9001-ja-14001-768x384.png 768w, https:\/\/panamir.com\/wp-content\/uploads\/2024\/11\/ISO_9001-ja-14001-500x250.png 500w, https:\/\/panamir.com\/wp-content\/uploads\/2024\/11\/ISO_9001-ja-14001.png 1042w\" data-sizes=\"(max-width: 640px) 100vw, 640px\" src=\"data:image\/svg+xml;base64,PHN2ZyB3aWR0aD0iMSIgaGVpZ2h0PSIxIiB4bWxucz0iaHR0cDovL3d3dy53My5vcmcvMjAwMC9zdmciPjwvc3ZnPg==\" style=\"--smush-placeholder-width: 640px; --smush-placeholder-aspect-ratio: 640\/320;\" \/>\t\t\t\t\t\t\t\t<\/a>\n\t\t\t\t\t\t\t\t\t\t\t\t\t\t\t<\/div>\n\t\t\t\t<\/div>\n\t\t\t\t\t<\/div>\n\t\t<\/div>\n\t\t\t\t\t<\/div>\n\t\t<\/section>\n\t\t\t\t<section class=\"elementor-section elementor-inner-section elementor-element elementor-element-25ca3c1b elementor-section-boxed elementor-section-height-default elementor-section-height-default\" data-id=\"25ca3c1b\" data-element_type=\"section\" data-e-type=\"section\">\n\t\t\t\t\t\t<div class=\"elementor-container elementor-column-gap-default\">\n\t\t\t\t\t<div class=\"elementor-column elementor-col-33 elementor-inner-column elementor-element elementor-element-1a32ba49\" data-id=\"1a32ba49\" data-element_type=\"column\" data-e-type=\"column\">\n\t\t\t<div class=\"elementor-widget-wrap elementor-element-populated\">\n\t\t\t\t\t\t<div class=\"elementor-element elementor-element-3dac2d8c elementor-widget elementor-widget-image\" data-id=\"3dac2d8c\" data-element_type=\"widget\" data-e-type=\"widget\" data-widget_type=\"image.default\">\n\t\t\t\t<div class=\"elementor-widget-container\">\n\t\t\t\t\t\t\t\t\t\t\t\t\t\t\t\t<a href=\"https:\/\/panamir.com\/wp-content\/uploads\/2024\/11\/PA-11-16-46LT_SMIIC.pdf\">\n\t\t\t\t\t\t\t<img decoding=\"async\" width=\"178\" height=\"253\" data-src=\"https:\/\/panamir.com\/wp-content\/uploads\/2024\/05\/PA3374555693_green.jpg\" class=\"attachment-medium size-medium wp-image-4229 lazyload\" alt=\"\" src=\"data:image\/svg+xml;base64,PHN2ZyB3aWR0aD0iMSIgaGVpZ2h0PSIxIiB4bWxucz0iaHR0cDovL3d3dy53My5vcmcvMjAwMC9zdmciPjwvc3ZnPg==\" style=\"--smush-placeholder-width: 178px; --smush-placeholder-aspect-ratio: 178\/253;\" \/>\t\t\t\t\t\t\t\t<\/a>\n\t\t\t\t\t\t\t\t\t\t\t\t\t\t\t<\/div>\n\t\t\t\t<\/div>\n\t\t\t\t\t<\/div>\n\t\t<\/div>\n\t\t\t\t<div class=\"elementor-column elementor-col-33 elementor-inner-column elementor-element elementor-element-317d9500\" data-id=\"317d9500\" data-element_type=\"column\" data-e-type=\"column\">\n\t\t\t<div class=\"elementor-widget-wrap elementor-element-populated\">\n\t\t\t\t\t\t<div class=\"elementor-element elementor-element-718524f1 elementor-widget elementor-widget-image\" data-id=\"718524f1\" data-element_type=\"widget\" data-e-type=\"widget\" data-widget_type=\"image.default\">\n\t\t\t\t<div class=\"elementor-widget-container\">\n\t\t\t\t\t\t\t\t\t\t\t\t\t\t\t\t<a href=\"https:\/\/panamir.com\/wp-content\/uploads\/2024\/11\/scan.pdf\" target=\"_blank\">\n\t\t\t\t\t\t\t<img decoding=\"async\" width=\"300\" height=\"300\" data-src=\"https:\/\/panamir.com\/wp-content\/uploads\/2024\/05\/OK-300x300.jpg\" class=\"attachment-medium size-medium wp-image-4232 lazyload\" alt=\"\" data-srcset=\"https:\/\/panamir.com\/wp-content\/uploads\/2024\/05\/OK-300x300.jpg 300w, https:\/\/panamir.com\/wp-content\/uploads\/2024\/05\/OK-150x150.jpg 150w, https:\/\/panamir.com\/wp-content\/uploads\/2024\/05\/OK-768x768.jpg 768w, https:\/\/panamir.com\/wp-content\/uploads\/2024\/05\/OK-500x500.jpg 500w, https:\/\/panamir.com\/wp-content\/uploads\/2024\/05\/OK-100x100.jpg 100w, https:\/\/panamir.com\/wp-content\/uploads\/2024\/05\/OK.jpg 816w\" data-sizes=\"(max-width: 300px) 100vw, 300px\" src=\"data:image\/svg+xml;base64,PHN2ZyB3aWR0aD0iMSIgaGVpZ2h0PSIxIiB4bWxucz0iaHR0cDovL3d3dy53My5vcmcvMjAwMC9zdmciPjwvc3ZnPg==\" style=\"--smush-placeholder-width: 300px; --smush-placeholder-aspect-ratio: 300\/300;\" \/>\t\t\t\t\t\t\t\t<\/a>\n\t\t\t\t\t\t\t\t\t\t\t\t\t\t\t<\/div>\n\t\t\t\t<\/div>\n\t\t\t\t\t<\/div>\n\t\t<\/div>\n\t\t\t\t<div class=\"elementor-column elementor-col-33 elementor-inner-column elementor-element elementor-element-110412c0\" data-id=\"110412c0\" data-element_type=\"column\" data-e-type=\"column\">\n\t\t\t<div class=\"elementor-widget-wrap elementor-element-populated\">\n\t\t\t\t\t\t<div class=\"elementor-element elementor-element-28445b2b elementor-widget elementor-widget-image\" data-id=\"28445b2b\" data-element_type=\"widget\" data-e-type=\"widget\" data-widget_type=\"image.default\">\n\t\t\t\t<div class=\"elementor-widget-container\">\n\t\t\t\t\t\t\t\t\t\t\t\t\t\t\t<img decoding=\"async\" width=\"284\" height=\"114\" data-src=\"https:\/\/panamir.com\/wp-content\/uploads\/2023\/03\/tool.png\" class=\"attachment-large size-large wp-image-3184 lazyload\" alt=\"\" src=\"data:image\/svg+xml;base64,PHN2ZyB3aWR0aD0iMSIgaGVpZ2h0PSIxIiB4bWxucz0iaHR0cDovL3d3dy53My5vcmcvMjAwMC9zdmciPjwvc3ZnPg==\" style=\"--smush-placeholder-width: 284px; --smush-placeholder-aspect-ratio: 284\/114;\" \/>\t\t\t\t\t\t\t\t\t\t\t\t\t\t\t<\/div>\n\t\t\t\t<\/div>\n\t\t\t\t\t<\/div>\n\t\t<\/div>\n\t\t\t\t\t<\/div>\n\t\t<\/section>\n\t\t\t\t\t<\/div>\n\t\t<\/div>\n\t\t\t\t<div class=\"elementor-column elementor-col-33 elementor-top-column elementor-element elementor-element-672d087c\" data-id=\"672d087c\" data-element_type=\"column\" data-e-type=\"column\">\n\t\t\t<div class=\"elementor-widget-wrap\">\n\t\t\t\t\t\t\t<\/div>\n\t\t<\/div>\n\t\t\t\t\t<\/div>\n\t\t<\/section>\n\t\t\t\t<\/div>\n\t\t","protected":false},"excerpt":{"rendered":"<p>Litsentsid ja sertifikaadid Ettev\u00f5ttel Panamir on kakaotoodete tootmiseks k\u00f5ik vajalikud load ja litsentsid: 2018. aastal l\u00e4bis O\u00dc Panamir ISO 1400 sertifitseerimise: 2015 \u00abKeskkonnajuhtimise s\u00fcsteem\u00bb ja 9001: 2015 \u00abKvaliteedijuhtimise s\u00fcsteem\u00bb. 29.12.2018 v\u00e4ljastas Veterinaar- ja Toiduamet loa nr 1.1-18\/5168 kakao ja kakaotoodete t\u00f6\u00f6tlemiseks Eestis Keilas asuvas tehases. 04.04.2019 v\u00e4ljastas Maksu- ja Tolliamet loa nr KI\/0390\/EE3000EE importkaupade k\u00e4ibemaksu [&hellip;]<\/p>\n","protected":false},"author":2,"featured_media":0,"parent":0,"menu_order":0,"comment_status":"closed","ping_status":"closed","template":"","meta":{"footnotes":""},"class_list":["post-1050","page","type-page","status-publish","hentry"],"yoast_head":"<!-- This site is optimized with the Yoast SEO plugin v27.1.1 - https:\/\/yoast.com\/product\/yoast-seo-wordpress\/ -->\n<title>Litsentsid ja sertifikaadid - Panamir<\/title>\n<meta name=\"robots\" content=\"index, follow, max-snippet:-1, max-image-preview:large, max-video-preview:-1\" \/>\n<link rel=\"canonical\" href=\"https:\/\/panamir.com\/licenses-and-certificates\/\" \/>\n<meta property=\"og:locale\" content=\"et_EE\" \/>\n<meta property=\"og:type\" content=\"article\" \/>\n<meta property=\"og:title\" content=\"Litsentsid ja sertifikaadid - Panamir\" \/>\n<meta property=\"og:description\" content=\"Litsentsid ja sertifikaadid Ettev\u00f5ttel Panamir on kakaotoodete tootmiseks k\u00f5ik vajalikud load ja litsentsid: 2018. aastal l\u00e4bis O\u00dc Panamir ISO 1400 sertifitseerimise: 2015 \u00abKeskkonnajuhtimise s\u00fcsteem\u00bb ja 9001: 2015 \u00abKvaliteedijuhtimise s\u00fcsteem\u00bb. 29.12.2018 v\u00e4ljastas Veterinaar- ja Toiduamet loa nr 1.1-18\/5168 kakao ja kakaotoodete t\u00f6\u00f6tlemiseks Eestis Keilas asuvas tehases. 04.04.2019 v\u00e4ljastas Maksu- ja Tolliamet loa nr KI\/0390\/EE3000EE importkaupade k\u00e4ibemaksu [&hellip;]\" \/>\n<meta property=\"og:url\" content=\"https:\/\/panamir.com\/licenses-and-certificates\/\" \/>\n<meta property=\"og:site_name\" content=\"Panamir\" \/>\n<meta property=\"article:modified_time\" content=\"2024-11-28T13:51:43+00:00\" \/>\n<meta property=\"og:image\" content=\"https:\/\/panamir.com\/wp-content\/uploads\/2024\/11\/ISO_22000.png\" \/>\n\t<meta property=\"og:image:width\" content=\"1042\" \/>\n\t<meta property=\"og:image:height\" content=\"521\" \/>\n\t<meta property=\"og:image:type\" content=\"image\/png\" \/>\n<meta name=\"twitter:card\" content=\"summary_large_image\" \/>\n<meta name=\"twitter:label1\" content=\"Est. reading time\" \/>\n\t<meta name=\"twitter:data1\" content=\"2 minutit\" \/>\n<script type=\"application\/ld+json\" class=\"yoast-schema-graph\">{\"@context\":\"https:\/\/schema.org\",\"@graph\":[{\"@type\":\"WebPage\",\"@id\":\"https:\/\/panamir.com\/licenses-and-certificates\/\",\"url\":\"https:\/\/panamir.com\/licenses-and-certificates\/\",\"name\":\"Litsentsid ja sertifikaadid - Panamir\",\"isPartOf\":{\"@id\":\"https:\/\/panamir.com\/#website\"},\"primaryImageOfPage\":{\"@id\":\"https:\/\/panamir.com\/licenses-and-certificates\/#primaryimage\"},\"image\":{\"@id\":\"https:\/\/panamir.com\/licenses-and-certificates\/#primaryimage\"},\"thumbnailUrl\":\"https:\/\/panamir.com\/wp-content\/uploads\/2024\/11\/ISO_22000-1024x512.png\",\"datePublished\":\"2020-07-16T11:50:27+00:00\",\"dateModified\":\"2024-11-28T13:51:43+00:00\",\"breadcrumb\":{\"@id\":\"https:\/\/panamir.com\/licenses-and-certificates\/#breadcrumb\"},\"inLanguage\":\"et\",\"potentialAction\":[{\"@type\":\"ReadAction\",\"target\":[\"https:\/\/panamir.com\/licenses-and-certificates\/\"]}]},{\"@type\":\"ImageObject\",\"inLanguage\":\"et\",\"@id\":\"https:\/\/panamir.com\/licenses-and-certificates\/#primaryimage\",\"url\":\"https:\/\/panamir.com\/wp-content\/uploads\/2024\/11\/ISO_22000-1024x512.png\",\"contentUrl\":\"https:\/\/panamir.com\/wp-content\/uploads\/2024\/11\/ISO_22000-1024x512.png\"},{\"@type\":\"BreadcrumbList\",\"@id\":\"https:\/\/panamir.com\/licenses-and-certificates\/#breadcrumb\",\"itemListElement\":[{\"@type\":\"ListItem\",\"position\":1,\"name\":\"\u0413\u043b\u0430\u0432\u043d\u0430\u044f \u0441\u0442\u0440\u0430\u043d\u0438\u0446\u0430\",\"item\":\"https:\/\/panamir.com\/\"},{\"@type\":\"ListItem\",\"position\":2,\"name\":\"Litsentsid ja sertifikaadid\"}]},{\"@type\":\"WebSite\",\"@id\":\"https:\/\/panamir.com\/#website\",\"url\":\"https:\/\/panamir.com\/\",\"name\":\"Panamir\",\"description\":\"\u041f\u0440\u043e\u0434\u0430\u0436\u0430 \u043a\u0430\u043a\u0430\u043e \u0432\u044b\u0441\u043e\u043a\u043e\u0433\u043e \u043a\u0430\u0447\u0435\u0441\u0442\u0432\u0430\",\"potentialAction\":[{\"@type\":\"SearchAction\",\"target\":{\"@type\":\"EntryPoint\",\"urlTemplate\":\"https:\/\/panamir.com\/?s={search_term_string}\"},\"query-input\":{\"@type\":\"PropertyValueSpecification\",\"valueRequired\":true,\"valueName\":\"search_term_string\"}}],\"inLanguage\":\"et\"}]}<\/script>\n<!-- \/ Yoast SEO plugin. -->","yoast_head_json":{"title":"Litsentsid ja sertifikaadid - Panamir","robots":{"index":"index","follow":"follow","max-snippet":"max-snippet:-1","max-image-preview":"max-image-preview:large","max-video-preview":"max-video-preview:-1"},"canonical":"https:\/\/panamir.com\/licenses-and-certificates\/","og_locale":"et_EE","og_type":"article","og_title":"Litsentsid ja sertifikaadid - Panamir","og_description":"Litsentsid ja sertifikaadid Ettev\u00f5ttel Panamir on kakaotoodete tootmiseks k\u00f5ik vajalikud load ja litsentsid: 2018. aastal l\u00e4bis O\u00dc Panamir ISO 1400 sertifitseerimise: 2015 \u00abKeskkonnajuhtimise s\u00fcsteem\u00bb ja 9001: 2015 \u00abKvaliteedijuhtimise s\u00fcsteem\u00bb. 29.12.2018 v\u00e4ljastas Veterinaar- ja Toiduamet loa nr 1.1-18\/5168 kakao ja kakaotoodete t\u00f6\u00f6tlemiseks Eestis Keilas asuvas tehases. 04.04.2019 v\u00e4ljastas Maksu- ja Tolliamet loa nr KI\/0390\/EE3000EE importkaupade k\u00e4ibemaksu [&hellip;]","og_url":"https:\/\/panamir.com\/licenses-and-certificates\/","og_site_name":"Panamir","article_modified_time":"2024-11-28T13:51:43+00:00","og_image":[{"width":1042,"height":521,"url":"https:\/\/panamir.com\/wp-content\/uploads\/2024\/11\/ISO_22000.png","type":"image\/png"}],"twitter_card":"summary_large_image","twitter_misc":{"Est. reading time":"2 minutit"},"schema":{"@context":"https:\/\/schema.org","@graph":[{"@type":"WebPage","@id":"https:\/\/panamir.com\/licenses-and-certificates\/","url":"https:\/\/panamir.com\/licenses-and-certificates\/","name":"Litsentsid ja sertifikaadid - Panamir","isPartOf":{"@id":"https:\/\/panamir.com\/#website"},"primaryImageOfPage":{"@id":"https:\/\/panamir.com\/licenses-and-certificates\/#primaryimage"},"image":{"@id":"https:\/\/panamir.com\/licenses-and-certificates\/#primaryimage"},"thumbnailUrl":"https:\/\/panamir.com\/wp-content\/uploads\/2024\/11\/ISO_22000-1024x512.png","datePublished":"2020-07-16T11:50:27+00:00","dateModified":"2024-11-28T13:51:43+00:00","breadcrumb":{"@id":"https:\/\/panamir.com\/licenses-and-certificates\/#breadcrumb"},"inLanguage":"et","potentialAction":[{"@type":"ReadAction","target":["https:\/\/panamir.com\/licenses-and-certificates\/"]}]},{"@type":"ImageObject","inLanguage":"et","@id":"https:\/\/panamir.com\/licenses-and-certificates\/#primaryimage","url":"https:\/\/panamir.com\/wp-content\/uploads\/2024\/11\/ISO_22000-1024x512.png","contentUrl":"https:\/\/panamir.com\/wp-content\/uploads\/2024\/11\/ISO_22000-1024x512.png"},{"@type":"BreadcrumbList","@id":"https:\/\/panamir.com\/licenses-and-certificates\/#breadcrumb","itemListElement":[{"@type":"ListItem","position":1,"name":"\u0413\u043b\u0430\u0432\u043d\u0430\u044f \u0441\u0442\u0440\u0430\u043d\u0438\u0446\u0430","item":"https:\/\/panamir.com\/"},{"@type":"ListItem","position":2,"name":"Litsentsid ja sertifikaadid"}]},{"@type":"WebSite","@id":"https:\/\/panamir.com\/#website","url":"https:\/\/panamir.com\/","name":"Panamir","description":"\u041f\u0440\u043e\u0434\u0430\u0436\u0430 \u043a\u0430\u043a\u0430\u043e \u0432\u044b\u0441\u043e\u043a\u043e\u0433\u043e \u043a\u0430\u0447\u0435\u0441\u0442\u0432\u0430","potentialAction":[{"@type":"SearchAction","target":{"@type":"EntryPoint","urlTemplate":"https:\/\/panamir.com\/?s={search_term_string}"},"query-input":{"@type":"PropertyValueSpecification","valueRequired":true,"valueName":"search_term_string"}}],"inLanguage":"et"}]}},"_links":{"self":[{"href":"https:\/\/panamir.com\/et\/wp-json\/wp\/v2\/pages\/1050","targetHints":{"allow":["GET"]}}],"collection":[{"href":"https:\/\/panamir.com\/et\/wp-json\/wp\/v2\/pages"}],"about":[{"href":"https:\/\/panamir.com\/et\/wp-json\/wp\/v2\/types\/page"}],"author":[{"embeddable":true,"href":"https:\/\/panamir.com\/et\/wp-json\/wp\/v2\/users\/2"}],"replies":[{"embeddable":true,"href":"https:\/\/panamir.com\/et\/wp-json\/wp\/v2\/comments?post=1050"}],"version-history":[{"count":18,"href":"https:\/\/panamir.com\/et\/wp-json\/wp\/v2\/pages\/1050\/revisions"}],"predecessor-version":[{"id":4913,"href":"https:\/\/panamir.com\/et\/wp-json\/wp\/v2\/pages\/1050\/revisions\/4913"}],"wp:attachment":[{"href":"https:\/\/panamir.com\/et\/wp-json\/wp\/v2\/media?parent=1050"}],"curies":[{"name":"wp","href":"https:\/\/api.w.org\/{rel}","templated":true}]}}