{"id":2179,"date":"2021-06-16T11:38:44","date_gmt":"2021-06-16T08:38:44","guid":{"rendered":"https:\/\/panamir.com\/projektid\/"},"modified":"2023-05-17T14:20:55","modified_gmt":"2023-05-17T11:20:55","slug":"projektid","status":"publish","type":"page","link":"https:\/\/panamir.com\/et\/projektid\/","title":{"rendered":"Projektid"},"content":{"rendered":"\t\t<div data-elementor-type=\"wp-page\" data-elementor-id=\"2179\" class=\"elementor elementor-2179 elementor-2171\" data-elementor-post-type=\"page\">\n\t\t\t\t\t\t<section class=\"elementor-section elementor-top-section elementor-element elementor-element-250ef01 elementor-section-full_width elementor-section-height-default elementor-section-height-default\" data-id=\"250ef01\" data-element_type=\"section\" data-e-type=\"section\" data-settings=\"{&quot;background_background&quot;:&quot;classic&quot;}\">\n\t\t\t\t\t\t\t<div class=\"elementor-background-overlay\"><\/div>\n\t\t\t\t\t\t\t<div class=\"elementor-container elementor-column-gap-default\">\n\t\t\t\t\t<div class=\"elementor-column elementor-col-33 elementor-top-column elementor-element elementor-element-2f19ea2\" data-id=\"2f19ea2\" data-element_type=\"column\" data-e-type=\"column\">\n\t\t\t<div class=\"elementor-widget-wrap\">\n\t\t\t\t\t\t\t<\/div>\n\t\t<\/div>\n\t\t\t\t<div class=\"elementor-column elementor-col-33 elementor-top-column elementor-element elementor-element-2547ce5\" data-id=\"2547ce5\" data-element_type=\"column\" data-e-type=\"column\">\n\t\t\t<div class=\"elementor-widget-wrap elementor-element-populated\">\n\t\t\t\t\t\t<section class=\"elementor-section elementor-inner-section elementor-element elementor-element-ed16919 elementor-section-full_width elementor-section-height-default elementor-section-height-default\" data-id=\"ed16919\" data-element_type=\"section\" data-e-type=\"section\">\n\t\t\t\t\t\t<div class=\"elementor-container elementor-column-gap-default\">\n\t\t\t\t\t<div class=\"elementor-column elementor-col-50 elementor-inner-column elementor-element elementor-element-4ee7154\" data-id=\"4ee7154\" data-element_type=\"column\" data-e-type=\"column\">\n\t\t\t<div class=\"elementor-widget-wrap elementor-element-populated\">\n\t\t\t\t\t\t<div class=\"elementor-element elementor-element-886dc75 elementor-widget elementor-widget-text-editor\" data-id=\"886dc75\" data-element_type=\"widget\" data-e-type=\"widget\" data-widget_type=\"text-editor.default\">\n\t\t\t\t<div class=\"elementor-widget-container\">\n\t\t\t\t\t\t\t\t\t<h2>Projektid<\/h2>\t\t\t\t\t\t\t\t<\/div>\n\t\t\t\t<\/div>\n\t\t\t\t\t<\/div>\n\t\t<\/div>\n\t\t\t\t<div class=\"elementor-column elementor-col-50 elementor-inner-column elementor-element elementor-element-6b04c79\" data-id=\"6b04c79\" data-element_type=\"column\" data-e-type=\"column\">\n\t\t\t<div class=\"elementor-widget-wrap\">\n\t\t\t\t\t\t\t<\/div>\n\t\t<\/div>\n\t\t\t\t\t<\/div>\n\t\t<\/section>\n\t\t\t\t\t<\/div>\n\t\t<\/div>\n\t\t\t\t<div class=\"elementor-column elementor-col-33 elementor-top-column elementor-element elementor-element-058bb01\" data-id=\"058bb01\" data-element_type=\"column\" data-e-type=\"column\">\n\t\t\t<div class=\"elementor-widget-wrap\">\n\t\t\t\t\t\t\t<\/div>\n\t\t<\/div>\n\t\t\t\t\t<\/div>\n\t\t<\/section>\n\t\t\t\t<section class=\"elementor-section elementor-top-section elementor-element elementor-element-97b1509 elementor-section-full_width elementor-section-height-default elementor-section-height-default\" data-id=\"97b1509\" data-element_type=\"section\" data-e-type=\"section\">\n\t\t\t\t\t\t<div class=\"elementor-container elementor-column-gap-default\">\n\t\t\t\t\t<div class=\"elementor-column elementor-col-33 elementor-top-column elementor-element elementor-element-c4f89c1\" data-id=\"c4f89c1\" data-element_type=\"column\" data-e-type=\"column\">\n\t\t\t<div class=\"elementor-widget-wrap\">\n\t\t\t\t\t\t\t<\/div>\n\t\t<\/div>\n\t\t\t\t<div class=\"elementor-column elementor-col-33 elementor-top-column elementor-element elementor-element-d55cd50\" data-id=\"d55cd50\" data-element_type=\"column\" data-e-type=\"column\">\n\t\t\t<div class=\"elementor-widget-wrap elementor-element-populated\">\n\t\t\t\t\t\t<div class=\"elementor-element elementor-element-bd94571 elementor-widget elementor-widget-text-editor\" data-id=\"bd94571\" data-element_type=\"widget\" data-e-type=\"widget\" data-widget_type=\"text-editor.default\">\n\t\t\t\t<div class=\"elementor-widget-container\">\n\t\t\t\t\t\t\t\t\t<section data-id=\"dffd99a\" data-element_type=\"section\"><div data-id=\"4f46fcd\" data-element_type=\"column\"><div data-id=\"e4142ae\" data-element_type=\"widget\" data-widget_type=\"text-editor.default\"><p>2019. &#8211; 2020.a on Panamir O\u00dc teostanud investeeringuprojekti, mille eesm\u00e4rk oli kakaopulbri tootmisliini k\u00e4ivitamine. Antud projekt on olnud Mikro- ja v\u00e4ikeettev\u00f5tjate p\u00f5llumajandustoodete t\u00f6\u00f6tlemise ning turustamise investeeringutoetuse (MAK 2014-2020 meede 4.2.1) raames, toetuse suurus oli 175 120,80 eurot.<\/p><p>2021.a on Panamir O\u00dc saanud toetuse investeeringuprojekti teostamiseks, mille eesm\u00e4rk on kakaoubade r\u00f6stimisliini k\u00e4ivitamine ning sellega kaasnevate ehitust\u00f6\u00f6de l\u00e4biviimine. Antud projekt on Keskmise suurusega ettev\u00f5tjate ja suurettev\u00f5tjate p\u00f5llumajandustoodete t\u00f6\u00f6tlemise ning turustamise investeeringutoetuse 2022 (MAK 2014-2020 meede 4.2.2) raames, toetuse suurus on 624 307,66 eurot.<\/p><p>\u00a0<\/p><\/div><\/div><\/section><section data-id=\"c10a6ef\" data-element_type=\"section\"><div><div><div data-id=\"f00e918\" data-element_type=\"column\"><div><div><div data-id=\"a7a7052\" data-element_type=\"widget\" data-widget_type=\"image.default\"><div><div><img decoding=\"async\" class=\"aligncenter lazyload\" title=\"EAS_SF_RGB_EST\" data-src=\"https:\/\/panamir.com\/wp-content\/uploads\/elementor\/thumbs\/EAS_SF_RGB_EST-p6hbv3m5fe031c1e3mpcy8m8nird6dg73u5cyovnvu.png\" alt=\"EAS_SF_RGB_EST\" src=\"data:image\/svg+xml;base64,PHN2ZyB3aWR0aD0iMSIgaGVpZ2h0PSIxIiB4bWxucz0iaHR0cDovL3d3dy53My5vcmcvMjAwMC9zdmciPjwvc3ZnPg==\" style=\"--smush-placeholder-width: 500px; --smush-placeholder-aspect-ratio: 500\/145;\" \/><img decoding=\"async\" class=\"aligncenter lazyload\" data-src=\"https:\/\/panamir.com\/wp-content\/uploads\/2021\/04\/arengukava_logo_el_horisontaal-300x142.jpg\" alt=\"\" width=\"300\" height=\"142\" src=\"data:image\/svg+xml;base64,PHN2ZyB3aWR0aD0iMSIgaGVpZ2h0PSIxIiB4bWxucz0iaHR0cDovL3d3dy53My5vcmcvMjAwMC9zdmciPjwvc3ZnPg==\" style=\"--smush-placeholder-width: 300px; --smush-placeholder-aspect-ratio: 300\/142;\" \/><\/div><div>\u00a0<\/div><\/div><\/div><\/div><\/div><\/div><\/div><\/div><\/section><section data-id=\"90a6010\" data-element_type=\"section\"><div><div><div data-id=\"4b5bd64\" data-element_type=\"column\"><div><div><div data-id=\"f1c2085\" data-element_type=\"widget\" data-widget_type=\"text-editor.default\"><div><div><p>Perioodil 01.11.2020 kuni 31.03.2021 viiakse Euroopa Regionaalarengu Fondi kaasrahastamisel ellu projekt EU60358 \u201eKakaokestade v\u00e4\u00e4rindamise v\u00f5imaluste uurimine\u201c . Projekt sai tuge EAS-i Innovatsiooniosakute toetusmeetmest. Toetuse summa on 3 960 eurot.<\/p><p>\u00a0<\/p><p>\u00a0<\/p><\/div><\/div><\/div><\/div><\/div><\/div><\/div><\/div><\/section>\t\t\t\t\t\t\t\t<\/div>\n\t\t\t\t<\/div>\n\t\t\t\t\t<\/div>\n\t\t<\/div>\n\t\t\t\t<div class=\"elementor-column elementor-col-33 elementor-top-column elementor-element elementor-element-d2879d8\" data-id=\"d2879d8\" data-element_type=\"column\" data-e-type=\"column\">\n\t\t\t<div class=\"elementor-widget-wrap\">\n\t\t\t\t\t\t\t<\/div>\n\t\t<\/div>\n\t\t\t\t\t<\/div>\n\t\t<\/section>\n\t\t\t\t<\/div>\n\t\t","protected":false},"excerpt":{"rendered":"<p>Projektid 2019. &#8211; 2020.a on Panamir O\u00dc teostanud investeeringuprojekti, mille eesm\u00e4rk oli kakaopulbri tootmisliini k\u00e4ivitamine. Antud projekt on olnud Mikro- ja v\u00e4ikeettev\u00f5tjate p\u00f5llumajandustoodete t\u00f6\u00f6tlemise ning turustamise investeeringutoetuse (MAK 2014-2020 meede 4.2.1) raames, toetuse suurus oli 175 120,80 eurot. 2021.a on Panamir O\u00dc saanud toetuse investeeringuprojekti teostamiseks, mille eesm\u00e4rk on kakaoubade r\u00f6stimisliini k\u00e4ivitamine ning sellega kaasnevate [&hellip;]<\/p>\n","protected":false},"author":2,"featured_media":0,"parent":0,"menu_order":0,"comment_status":"closed","ping_status":"closed","template":"","meta":{"footnotes":""},"class_list":["post-2179","page","type-page","status-publish","hentry"],"yoast_head":"<!-- This site is optimized with the Yoast SEO plugin v27.1.1 - https:\/\/yoast.com\/product\/yoast-seo-wordpress\/ -->\n<title>Projektid - Panamir<\/title>\n<meta name=\"robots\" content=\"index, follow, max-snippet:-1, max-image-preview:large, max-video-preview:-1\" \/>\n<link rel=\"canonical\" href=\"https:\/\/panamir.com\/projektid\/\" \/>\n<meta property=\"og:locale\" content=\"et_EE\" \/>\n<meta property=\"og:type\" content=\"article\" \/>\n<meta property=\"og:title\" content=\"Projektid - Panamir\" \/>\n<meta property=\"og:description\" content=\"Projektid 2019. &#8211; 2020.a on Panamir O\u00dc teostanud investeeringuprojekti, mille eesm\u00e4rk oli kakaopulbri tootmisliini k\u00e4ivitamine. Antud projekt on olnud Mikro- ja v\u00e4ikeettev\u00f5tjate p\u00f5llumajandustoodete t\u00f6\u00f6tlemise ning turustamise investeeringutoetuse (MAK 2014-2020 meede 4.2.1) raames, toetuse suurus oli 175 120,80 eurot. 2021.a on Panamir O\u00dc saanud toetuse investeeringuprojekti teostamiseks, mille eesm\u00e4rk on kakaoubade r\u00f6stimisliini k\u00e4ivitamine ning sellega kaasnevate [&hellip;]\" \/>\n<meta property=\"og:url\" content=\"https:\/\/panamir.com\/projektid\/\" \/>\n<meta property=\"og:site_name\" content=\"Panamir\" \/>\n<meta property=\"article:modified_time\" content=\"2023-05-17T11:20:55+00:00\" \/>\n<meta property=\"og:image\" content=\"https:\/\/panamir.com\/wp-content\/uploads\/elementor\/thumbs\/EAS_SF_RGB_EST-p6hbv3m5fe031c1e3mpcy8m8nird6dg73u5cyovnvu.png\" \/>\n<meta name=\"twitter:card\" content=\"summary_large_image\" \/>\n<meta name=\"twitter:label1\" content=\"Est. reading time\" \/>\n\t<meta name=\"twitter:data1\" content=\"1 minut\" \/>\n<script type=\"application\/ld+json\" class=\"yoast-schema-graph\">{\"@context\":\"https:\/\/schema.org\",\"@graph\":[{\"@type\":\"WebPage\",\"@id\":\"https:\/\/panamir.com\/projektid\/\",\"url\":\"https:\/\/panamir.com\/projektid\/\",\"name\":\"Projektid - Panamir\",\"isPartOf\":{\"@id\":\"https:\/\/panamir.com\/#website\"},\"primaryImageOfPage\":{\"@id\":\"https:\/\/panamir.com\/projektid\/#primaryimage\"},\"image\":{\"@id\":\"https:\/\/panamir.com\/projektid\/#primaryimage\"},\"thumbnailUrl\":\"https:\/\/panamir.com\/wp-content\/uploads\/elementor\/thumbs\/EAS_SF_RGB_EST-p6hbv3m5fe031c1e3mpcy8m8nird6dg73u5cyovnvu.png\",\"datePublished\":\"2021-06-16T08:38:44+00:00\",\"dateModified\":\"2023-05-17T11:20:55+00:00\",\"breadcrumb\":{\"@id\":\"https:\/\/panamir.com\/projektid\/#breadcrumb\"},\"inLanguage\":\"et\",\"potentialAction\":[{\"@type\":\"ReadAction\",\"target\":[\"https:\/\/panamir.com\/projektid\/\"]}]},{\"@type\":\"ImageObject\",\"inLanguage\":\"et\",\"@id\":\"https:\/\/panamir.com\/projektid\/#primaryimage\",\"url\":\"https:\/\/panamir.com\/wp-content\/uploads\/elementor\/thumbs\/EAS_SF_RGB_EST-p6hbv3m5fe031c1e3mpcy8m8nird6dg73u5cyovnvu.png\",\"contentUrl\":\"https:\/\/panamir.com\/wp-content\/uploads\/elementor\/thumbs\/EAS_SF_RGB_EST-p6hbv3m5fe031c1e3mpcy8m8nird6dg73u5cyovnvu.png\"},{\"@type\":\"BreadcrumbList\",\"@id\":\"https:\/\/panamir.com\/projektid\/#breadcrumb\",\"itemListElement\":[{\"@type\":\"ListItem\",\"position\":1,\"name\":\"\u0413\u043b\u0430\u0432\u043d\u0430\u044f \u0441\u0442\u0440\u0430\u043d\u0438\u0446\u0430\",\"item\":\"https:\/\/panamir.com\/\"},{\"@type\":\"ListItem\",\"position\":2,\"name\":\"Projektid\"}]},{\"@type\":\"WebSite\",\"@id\":\"https:\/\/panamir.com\/#website\",\"url\":\"https:\/\/panamir.com\/\",\"name\":\"Panamir\",\"description\":\"\u041f\u0440\u043e\u0434\u0430\u0436\u0430 \u043a\u0430\u043a\u0430\u043e \u0432\u044b\u0441\u043e\u043a\u043e\u0433\u043e \u043a\u0430\u0447\u0435\u0441\u0442\u0432\u0430\",\"potentialAction\":[{\"@type\":\"SearchAction\",\"target\":{\"@type\":\"EntryPoint\",\"urlTemplate\":\"https:\/\/panamir.com\/?s={search_term_string}\"},\"query-input\":{\"@type\":\"PropertyValueSpecification\",\"valueRequired\":true,\"valueName\":\"search_term_string\"}}],\"inLanguage\":\"et\"}]}<\/script>\n<!-- \/ Yoast SEO plugin. -->","yoast_head_json":{"title":"Projektid - Panamir","robots":{"index":"index","follow":"follow","max-snippet":"max-snippet:-1","max-image-preview":"max-image-preview:large","max-video-preview":"max-video-preview:-1"},"canonical":"https:\/\/panamir.com\/projektid\/","og_locale":"et_EE","og_type":"article","og_title":"Projektid - Panamir","og_description":"Projektid 2019. &#8211; 2020.a on Panamir O\u00dc teostanud investeeringuprojekti, mille eesm\u00e4rk oli kakaopulbri tootmisliini k\u00e4ivitamine. Antud projekt on olnud Mikro- ja v\u00e4ikeettev\u00f5tjate p\u00f5llumajandustoodete t\u00f6\u00f6tlemise ning turustamise investeeringutoetuse (MAK 2014-2020 meede 4.2.1) raames, toetuse suurus oli 175 120,80 eurot. 2021.a on Panamir O\u00dc saanud toetuse investeeringuprojekti teostamiseks, mille eesm\u00e4rk on kakaoubade r\u00f6stimisliini k\u00e4ivitamine ning sellega kaasnevate [&hellip;]","og_url":"https:\/\/panamir.com\/projektid\/","og_site_name":"Panamir","article_modified_time":"2023-05-17T11:20:55+00:00","og_image":[{"url":"https:\/\/panamir.com\/wp-content\/uploads\/elementor\/thumbs\/EAS_SF_RGB_EST-p6hbv3m5fe031c1e3mpcy8m8nird6dg73u5cyovnvu.png","type":"","width":"","height":""}],"twitter_card":"summary_large_image","twitter_misc":{"Est. reading time":"1 minut"},"schema":{"@context":"https:\/\/schema.org","@graph":[{"@type":"WebPage","@id":"https:\/\/panamir.com\/projektid\/","url":"https:\/\/panamir.com\/projektid\/","name":"Projektid - Panamir","isPartOf":{"@id":"https:\/\/panamir.com\/#website"},"primaryImageOfPage":{"@id":"https:\/\/panamir.com\/projektid\/#primaryimage"},"image":{"@id":"https:\/\/panamir.com\/projektid\/#primaryimage"},"thumbnailUrl":"https:\/\/panamir.com\/wp-content\/uploads\/elementor\/thumbs\/EAS_SF_RGB_EST-p6hbv3m5fe031c1e3mpcy8m8nird6dg73u5cyovnvu.png","datePublished":"2021-06-16T08:38:44+00:00","dateModified":"2023-05-17T11:20:55+00:00","breadcrumb":{"@id":"https:\/\/panamir.com\/projektid\/#breadcrumb"},"inLanguage":"et","potentialAction":[{"@type":"ReadAction","target":["https:\/\/panamir.com\/projektid\/"]}]},{"@type":"ImageObject","inLanguage":"et","@id":"https:\/\/panamir.com\/projektid\/#primaryimage","url":"https:\/\/panamir.com\/wp-content\/uploads\/elementor\/thumbs\/EAS_SF_RGB_EST-p6hbv3m5fe031c1e3mpcy8m8nird6dg73u5cyovnvu.png","contentUrl":"https:\/\/panamir.com\/wp-content\/uploads\/elementor\/thumbs\/EAS_SF_RGB_EST-p6hbv3m5fe031c1e3mpcy8m8nird6dg73u5cyovnvu.png"},{"@type":"BreadcrumbList","@id":"https:\/\/panamir.com\/projektid\/#breadcrumb","itemListElement":[{"@type":"ListItem","position":1,"name":"\u0413\u043b\u0430\u0432\u043d\u0430\u044f \u0441\u0442\u0440\u0430\u043d\u0438\u0446\u0430","item":"https:\/\/panamir.com\/"},{"@type":"ListItem","position":2,"name":"Projektid"}]},{"@type":"WebSite","@id":"https:\/\/panamir.com\/#website","url":"https:\/\/panamir.com\/","name":"Panamir","description":"\u041f\u0440\u043e\u0434\u0430\u0436\u0430 \u043a\u0430\u043a\u0430\u043e \u0432\u044b\u0441\u043e\u043a\u043e\u0433\u043e \u043a\u0430\u0447\u0435\u0441\u0442\u0432\u0430","potentialAction":[{"@type":"SearchAction","target":{"@type":"EntryPoint","urlTemplate":"https:\/\/panamir.com\/?s={search_term_string}"},"query-input":{"@type":"PropertyValueSpecification","valueRequired":true,"valueName":"search_term_string"}}],"inLanguage":"et"}]}},"_links":{"self":[{"href":"https:\/\/panamir.com\/et\/wp-json\/wp\/v2\/pages\/2179","targetHints":{"allow":["GET"]}}],"collection":[{"href":"https:\/\/panamir.com\/et\/wp-json\/wp\/v2\/pages"}],"about":[{"href":"https:\/\/panamir.com\/et\/wp-json\/wp\/v2\/types\/page"}],"author":[{"embeddable":true,"href":"https:\/\/panamir.com\/et\/wp-json\/wp\/v2\/users\/2"}],"replies":[{"embeddable":true,"href":"https:\/\/panamir.com\/et\/wp-json\/wp\/v2\/comments?post=2179"}],"version-history":[{"count":12,"href":"https:\/\/panamir.com\/et\/wp-json\/wp\/v2\/pages\/2179\/revisions"}],"predecessor-version":[{"id":3533,"href":"https:\/\/panamir.com\/et\/wp-json\/wp\/v2\/pages\/2179\/revisions\/3533"}],"wp:attachment":[{"href":"https:\/\/panamir.com\/et\/wp-json\/wp\/v2\/media?parent=2179"}],"curies":[{"name":"wp","href":"https:\/\/api.w.org\/{rel}","templated":true}]}}