{"id":4423,"date":"2024-06-30T11:19:35","date_gmt":"2024-06-30T08:19:35","guid":{"rendered":"https:\/\/panamir.com\/sale-terms-and-return-policy\/"},"modified":"2024-07-09T10:12:40","modified_gmt":"2024-07-09T07:12:40","slug":"sale-terms-and-return-policy","status":"publish","type":"page","link":"https:\/\/panamir.com\/et\/sale-terms-and-return-policy\/","title":{"rendered":"Sale terms and Return policy"},"content":{"rendered":"\t\t<div data-elementor-type=\"wp-page\" data-elementor-id=\"4423\" class=\"elementor elementor-4423 elementor-4421\" data-elementor-post-type=\"page\">\n\t\t\t\t<div class=\"elementor-element elementor-element-26d18e4 e-flex e-con-boxed e-con e-parent\" data-id=\"26d18e4\" data-element_type=\"container\" data-e-type=\"container\">\n\t\t\t\t\t<div class=\"e-con-inner\">\n\t\t\t\t\t<\/div>\n\t\t\t\t<\/div>\n\t\t<div class=\"elementor-element elementor-element-ce1eb41 e-flex e-con-boxed e-con e-parent\" data-id=\"ce1eb41\" data-element_type=\"container\" data-e-type=\"container\">\n\t\t\t\t\t<div class=\"e-con-inner\">\n\t\t\t\t<div class=\"elementor-element elementor-element-d53bae7 elementor-widget elementor-widget-text-editor\" data-id=\"d53bae7\" data-element_type=\"widget\" data-e-type=\"widget\" data-widget_type=\"text-editor.default\">\n\t\t\t\t<div class=\"elementor-widget-container\">\n\t\t\t\t\t\t\t\t\t<p><b>M\u00fc\u00fcgi-ja tarnetingimused<\/b><\/p><ol><li><b> \u00dcldtingimused<\/b><\/li><\/ol><p><span style=\"font-weight: 400;\">1.1 <\/span><span style=\"font-weight: 400;\">Panamir O\u00dc<\/span><span style=\"font-weight: 400;\">\u00a0 (<\/span><span style=\"font-weight: 400;\">registrikood\u00a0<\/span><span style=\"font-weight: 400;\">11458825<\/span><span style=\"font-weight: 400;\">, KMKR <\/span><span style=\"font-weight: 400;\">EE101701583<\/span><span style=\"font-weight: 400;\">) on kaubandusega tegelev ettev\u00f5te, kes m\u00fc\u00fcb veebikeskkonnas (edaspidi Veebipood). aadressil <\/span><a href=\"https:\/\/panamir.com\/shop\/\"><span style=\"font-weight: 400;\">https:\/\/panamir.com\/shop\/<\/span><\/a><span style=\"font-weight: 400;\"> kaupu (edaspidi M\u00fc\u00fcja).<\/span><\/p><p><span style=\"font-weight: 400;\">1.2 K\u00e4esolevas veebipoe Panamir O\u00dc m\u00fc\u00fcgitingimustes (edaspidi tingimused) on ostjana k\u00e4sitletud isikut, kes soovib osta <\/span><a href=\"https:\/\/panamir.com\/shop\/\"><span style=\"font-weight: 400;\">https:\/\/panamir.com\/shop\/<\/span><\/a><span style=\"font-weight: 400;\"> Panamir O\u00dc tooteid (edaspidi Ostja).<\/span><\/p><p><span style=\"font-weight: 400;\">1.3 Tingimustega kehtestatakse Ostja ja M\u00fc\u00fcja \u00f5igused ja kohustused, toodete ostu-m\u00fc\u00fcgi, tasumise, kohaletoimetamise ja tagastamise tingimused ja kord ning muud s\u00e4tted.<\/span><\/p><p><span style=\"font-weight: 400;\">1.4 Ostu sooritamisel (sh firma pangakontole raha laekumisel) n\u00f5ustub Ostja m\u00fc\u00fcgitingimustes s\u00e4testatuga.<\/span><\/p><p><span style=\"font-weight: 400;\">1.5 M\u00fc\u00fcjal on \u00f5igus tingimusi igal ajal muuta, t\u00e4iendada ja parandada.<\/span><\/p><p><span style=\"font-weight: 400;\">1.6 Tingimused kehtivad kuni uute tingimuste vastuv\u00f5tmiseni, mille M\u00fc\u00fcja teeb teatavaks <\/span><a href=\"http:\/\/www.panamir.com\"><span style=\"font-weight: 400;\">www.panamir.com<\/span><\/a><span style=\"font-weight: 400;\"> lehel. Ostja ja M\u00fc\u00fcja vahelisele \u00f5igussuhtele kohalduvad Ostja poolt ostu sooritamise ajal kehtinud tingimused.<\/span><\/p><p><span style=\"font-weight: 400;\">1.7 Tingimused on k\u00e4ttesaadavad kodulehel.<\/span><\/p><p><span style=\"font-weight: 400;\">1.8 M\u00fc\u00fcja klienditeeninduse kontaktandmed on: e-post: sales@panamir.com. M\u00fc\u00fcja klienditeenindus t\u00f6\u00f6tab E-R 9.00-16.00.<\/span><\/p><ol start=\"2\"><li><b> Toode ja hind<\/b><\/li><\/ol><p><span style=\"font-weight: 400;\">2.1 Toodete kirjelduste juures olevad pildid on illustratiivsed ning toote v\u00e4ljan\u00e4gemine ei pruugi vastata 100% pildil olevale.<\/span><\/p><p><span style=\"font-weight: 400;\">2.2 Toodete m\u00fc\u00fcgihinnad ja \u00fchikuhinnad on veebipoes ja tellimustes m\u00e4rgitud eurodes. K\u00f5ik m\u00fc\u00fcgihinnad sisaldavad k\u00e4ibemaksu 22%.<\/span><\/p><p><span style=\"font-weight: 400;\">2.3 Toodetele kehtivad m\u00fc\u00fcgihinnad, mis on avaldatud Panamir O\u00dc Veebipoes ostu sooritamise hetkel.<\/span><\/p><p><span style=\"font-weight: 400;\">2.4 Kui tellitud toode on otsas, siis tellimus antud tootele t\u00fchistatakse ning raha kantakse Ostja arveldusarvele tagasi hiljemalt 7 t\u00f6\u00f6p\u00e4eva jooksul.<\/span><\/p><p><span style=\"font-weight: 400;\">2.5 Tellitud Toodete hinnale lisandub transporditasu.<\/span><\/p><ol start=\"3\"><li><b> Ostu sooritamine<\/b><\/li><\/ol><p><span style=\"font-weight: 400;\">3.1 Ostu sooritamiseks tuleb Panamir O\u00dc Veebipoes esitada tellimus.<\/span><\/p><p><span style=\"font-weight: 400;\">3.2 Tellimuse esitamiseks tuleb valida sobivad tooted ja kogused ning lisada ostukorvi ja vajutada nupule \u201eKassasse\u201c.<\/span><\/p><p><span style=\"font-weight: 400;\">3.3 Seej\u00e4rel tuleb Ostjal sisestada arvelduse \u00fcksikasjad: eesnimi, perekonnanimi, tellimuse kohaletoimetamise aadress \/ pakiautomaat.\u00a0<\/span><\/p><p><span style=\"font-weight: 400;\">3.4 Tellimuse kinnitamiseks tuleb Ostjal vajutada nupule \u201eEsita tellimus\u201c.\u00a0<\/span><\/p><p><span style=\"font-weight: 400;\">3.5 Seej\u00e4rel saadetakse tellimuse kohta Ostja e-posti aadressile kinnituskiri . Tellimuse l\u00f5plikuks kinnitamiseks peab Ostja sooritama makse otsese panga\u00fclekandega.<\/span><\/p><p><span style=\"font-weight: 400;\">3.6 Tasumine toimub va\u0308ljaspool Veebipoodi Ostja otsese panga\u00fclekandega. Mu\u0308u\u0308jal puudub ligipa\u0308a\u0308s kliendi panga ja krediitkaardi andmetele. Leping jo\u0303ustub alates tasumisele kuuluva summa laekumisest Panamir O\u00dc arvelduskontole.<\/span><\/p><p><span style=\"font-weight: 400;\">3.7 Peale tellimuse eest tasumist loetakse m\u00fc\u00fcgileping (edaspidi Leping) Ostja ja M\u00fc\u00fcja vahel s\u00f5lmituks.<\/span><\/p><p><span style=\"font-weight: 400;\">3.8 T\u00e4itmisele l\u00e4hevad tellimused, mille eest on tasutud \u00fclekandega. Kui Ostja katkestab enne tasumist tellimisprotsessi, siis tellimus t\u00f6\u00f6sse ei l\u00e4he.<\/span><\/p><ol start=\"4\"><li><b> Toodete k\u00e4ttetoimetamine ja \u00fcleandmine<\/b><\/li><\/ol><p><span style=\"font-weight: 400;\">4.1 Tellimused t\u00e4idetakse hiljemalt 3-e t\u00f6\u00f6p\u00e4eva jooksul.<\/span><\/p><p><span style=\"font-weight: 400;\">4.1.1 Eestisisesed saadetised saab tellida endale l\u00e4himasse DPD Estonia, Omniva v\u00f5i Itella Smartposti pakiautomaati. Kauba saatmisekulud kannab ostja ning vastav hinnainfo on kuvatud saatmisviisi juures.<\/span><\/p><p><span style=\"font-weight: 400;\">4.1.2 Eestisisesed saadetised j\u00f5uavad \u00fcldjuhul ostja m\u00e4\u00e4ratud sihtpunkti 2-7 t\u00f6\u00f6p\u00e4eva jooksul alates m\u00fc\u00fcgilepingu j\u00f5ustumist. Erandlikel juhtumitel on \u00f5igus kaup kohale toimetada kuni 45 kalendrip\u00e4eva jooksul.\u00a0<\/span><\/p><p><span style=\"font-weight: 400;\">4.1.3 Sihtkohad Euroopa Liidus v.a. Eesti tuleb eraldi kokkuleppida. <\/span><span style=\"font-weight: 400;\">Rahvusvaheline kullerteenus \u2013 Omniva, DPD alates 25 \u20ac<\/span><\/p><p><span style=\"font-weight: 400;\">4.1.4. Teised sihtkohad v\u00e4ljaspool Euroopa Liitu tuleb eraldi kokkuleppida. Rahvusvahelised standardpakid \u2013 Omniva DPD alates 40 \u20ac<\/span><\/p><p><span style=\"font-weight: 400;\">4.2 Juhul, kui Ostja ei vasta telefonile ja\/v\u00f5i ei taga toodete vastuv\u00f5tmist v\u00f5i M\u00fc\u00fcjal ei ole v\u00f5imalik Ostjale muu Ostja poolse asjaolu t\u00f5ttu tellituid tooteid kokkulepitud ajal ning ka j\u00e4rgnevatel p\u00e4evadel v\u00f5imalik \u00fcle anda, on M\u00fc\u00fcjal \u00f5igus j\u00e4tta tooted Ostjale k\u00e4tte toimetamata ning ostusumma tagastatakse.<\/span><\/p><p><span style=\"font-weight: 400;\">4.3 Juhul, kui M\u00fc\u00fcjal ei \u00f5nnestu tooteid k\u00e4tte toimetada tellimuses esitatud ajavahemikul M\u00fc\u00fcjast tuleneva asjaolu t\u00f5ttu, kohustub M\u00fc\u00fcja sellest viivitamatult Ostjat teavitama tellimuses esitatud kontaktandmetel. M\u00fc\u00fcja ja Ostja lepivad kokku uue k\u00e4ttetoimetamise ajavahemiku. Juhul, kui M\u00fc\u00fcjal ja Ostjal ei \u00f5nnestu uues kohaletoimetamise ajas kokku leppida, loevad Ostja ja M\u00fc\u00fcja m\u00fc\u00fcgilepingu konkreetse tellimuse osas l\u00f5ppenuks ning M\u00fc\u00fcja tagastab Ostjale ostusumma 7 p\u00e4eva jooksul Ostja esitatud pangaarvele alates tellimuses esitatud k\u00e4ttetoimetamise kuup\u00e4evast.<\/span><\/p><p><span style=\"font-weight: 400;\">4.4 Toodete kahjustumise v\u00f5i kadumise risk l\u00e4heb \u00fcle kliendile alates k\u00e4ttesaamisest.<\/span><\/p><ol start=\"5\"><li><b> Tellimuse t\u00fchistamine ja Lepingust taganemine<\/b><\/li><\/ol><p><span style=\"font-weight: 400;\">5.1 Tulenevalt v\u00f5la\u00f5igusseaduse (edaspidi: V\u00d5S) V\u00d5S \u00a7 53 l\u00f5ike 4 punktidest 4, ei kohaldu 14 p\u00e4evane Lepingust taganemis\u00f5igus:<\/span><\/p><p><span style=\"font-weight: 400;\">5.1.1 sellise suletud pakendis asja \u00fcleandmisel, mis ei ole k\u00f5lblik tagasisaatmiseks tervisekaitse v\u00f5i h\u00fcgieenilistel p\u00f5hjustel ning kui see on p\u00e4rast kohaletoimetamist avatud;<\/span><\/p><p><span style=\"font-weight: 400;\">5.2 14-p\u00e4evase tagastamis\u00f5iguse kasutamiseks kaup peab olema kasutamata, originaalses, korralikus ja kahjustamata pakendis, koos lisatud siltide ja tootjapoolsete m\u00e4rgistega ja kaubanduslik v\u00e4limus ei ole kahjustatud.<\/span><\/p><p><span style=\"font-weight: 400;\">5.2.1 Taganemis\u00f5igus ei kohaldu, kui ostjaks on juriidiline isik.<\/span><\/p><p><span style=\"font-weight: 400;\">5.2.2 Kui kaubal on kasutamise v\u00f5i kulumise m\u00e4rke, on Veebipoel \u00f5igus alandada tagastatavat tasu vastavalt kauba v\u00e4\u00e4rtuse v\u00e4henemisele v\u00f5i kui tagastus ei vasta n\u00f5uetele, saadetakse Osjale tagasi.<\/span><\/p><p><span style=\"font-weight: 400;\">5.2.3 Kauba tagastamiseks tuleb esitada kauba ostmisest taganemise avaldus\u00a0v\u00f5i saatke kiri vabas vormis sales@panamir.com hiljemalt 14 p\u00e4eva jooksul kauba k\u00e4ttesaamisest arvates. Avalduses tuleb kirjutada Arve number, kuup\u00e4ev, ostja nimi, kontaktandmed ja kaup mida soovite tagastada.<\/span><\/p><p><span style=\"font-weight: 400;\">5.2.4 Kauba tagastamise kulud kannab ostja, v\u00e4lja arvatud juhul, kui tagastamise p\u00f5hjus seisneb asjaolus, et tagastamisele kuuluv asi ei vasta tellitule (nt vale).<\/span><\/p><p><span style=\"font-weight: 400;\">5.2.5 Raha makstud kauba eest (ilma transpirditasudeta) tagastatakse ostjale 14 p\u00e4eva jooksul taganemisavalduse saamisest. Veebipood v\u00f5ib viivitada raha tagastamisega kuni on kauba tagasi saanud v\u00f5i kuni ostja on esitanud t\u00f5endi, et on kauba tagasi saatnud, s\u00f5ltuvalt kumb toimub varem.<\/span><\/p><ol start=\"6\"><li><b> Pretensiooni esitamise \u00f5igus<\/b><\/li><\/ol><p><span style=\"font-weight: 400;\">6.1 Veebipood vastutab ostjale m\u00fc\u00fcdud kauba lepingutingimustele mittevastavuse v\u00f5i puuduse eest, mis oli olemas juba asja \u00fcleandmise hetkel ning mis ilmneb kuni kahe aasta jooksul, alates kauba \u00fcleandmisest ostjale. Sellest esimese aasta jooksul asja \u00fcleandmisest ostjale eeldatakse, et puudus oli olemas juba asja \u00fcleandmise ajal. Vastava eelduse \u00fcmberl\u00fckkamine on Veebipoe kohustus.<\/span><\/p><p><span style=\"font-weight: 400;\">6.2 Ostjal on \u00f5igus puuduse ilmnemisel p\u00f6\u00f6rduda hiljemalt kahe kuu jooksul veebipoe poole, saates e-kirja aadressile sales@panamir.com.<\/span><\/p><p><span style=\"font-weight: 400;\">6.3 Veebipood ei vastuta puuduste eest, mis on tekkinud p\u00e4rast kauba \u00fcleandmist tarbija tegevuse v\u00f5i tegevusetuse t\u00f5ttu (vale kasutusviis, vale s\u00e4ilitusviis).<\/span><\/p><p><span style=\"font-weight: 400;\">6.4 Kui Veebipoest ostetud kaubal on puudused, mille eest Veebipood vastutab, parandab v\u00f5i asendab Veebipood puudusega kauba. Kui kaupa ei ole v\u00f5imalik parandada ega asendada, tagastab Veebipood ostjale k\u00f5ik m\u00fc\u00fcgilepinguga kaasnenud tasud.<\/span><\/p><p><span style=\"font-weight: 400;\">6.5 Veebipood vastab tarbija esitatud kaebusele kirjalikult v\u00f5i kirjalikku taasesitamist v\u00f5imaldavas vormis 15 p\u00e4eva jooksul.<\/span><\/p><ol start=\"7\"><li><b>Vaidluste lahendamine<\/b><\/li><\/ol><p><span style=\"font-weight: 400;\">7.1 Kui ostjal on Veebipoe osas pretensioone, tuleb need saata e-kirja aadressile sales@panamir.com.<\/span><\/p><p><span style=\"font-weight: 400;\">7.2 Kui ostja ja Veebipood ei suuda lahenda vaidlust kokkuleppe teel, siis on ostjal v\u00f5imalik p\u00f6\u00f6rduda Tarbijavaidluste komisjoni poole. Tarbijavaidluste komisjoni p\u00e4devuses on lahendada ostja ja Veebipoe vahel s\u00f5lmitud lepingust tulenevaid vaidlusi. Ostja kaebuse l\u00e4bivaatamine komisjonis on tasuta.<\/span><\/p><p><span style=\"font-weight: 400;\">7.3 Ostja v\u00f5ib p\u00f6\u00f6rduda Euroopa Liidu tarbijavaidlusi lahendava\u00a0<\/span><a href=\"https:\/\/ec.europa.eu\/consumers\/odr\/main\/index.cfm?event=main.home2.show&amp;lng=ET\"><b>platvormi poole<\/b><\/a><b>.<\/b><\/p><ol start=\"8\"><li><b> Vastutus<\/b><\/li><\/ol><p><span style=\"font-weight: 400;\">8.1 M\u00fc\u00fcja ja Ostja vastutavad teineteise eest tingimuste rikkumisega teisele poolele tekitatud kahju eest Eesti Vabariigis kehtivates \u00f5igusaktides s\u00e4testatud juhtudel ja ulatuses.<\/span><\/p><p><span style=\"font-weight: 400;\">8.2 Ostja vastutab registreerimisvormis esitatud andmete \u00f5igsuse eest. Kui Ostja esitab registreerimisvormis valeandmeid, ei vastuta M\u00fc\u00fcja sellest tingitud tagaj\u00e4rgede eest, samuti on M\u00fc\u00fcjal \u00f5igus n\u00f5uda Ostjalt kahju h\u00fcvitamist.<\/span><\/p><p><span style=\"font-weight: 400;\">8.3 Ostja vastutab www.flambrex.ee veebikeskkonda sisselogimiseks vajaliku kasutajatunnuse ja salas\u00f5na turvalise kasutamise eest ja hoidub selle levitamisest. Ostja kohustub tagama, et tema kasutajatunnus ja salas\u00f5na ei satu kolmandate isikute valdusesse. Juhul, kui Ostjal on kahtlus, et tema sisselogimisandmed on sattunud kolmanda isiku valdusesse, kohustub Ostja sellest teavitama M\u00fc\u00fcjat ja oma salas\u00f5na koheselt \u00e4ra muutma. Juhul, kui Ostja ei teavita M\u00fc\u00fcjat andmete v\u00f5imalikust kuritarvitamisest, ei vastuta M\u00fc\u00fcja kahju eest, mis v\u00f5ib tekkida Ostjale kolmandate isikute valdusesse sattunud sisselogimisandmete kasutamisest.<\/span><\/p><ol start=\"9\"><li><b> V\u00e4\u00e4ramatu j\u00f5ud<\/b><\/li><\/ol><p><span style=\"font-weight: 400;\">9.1 M\u00fc\u00fcja ei vastuta Ostjale tekitatud kahjude v\u00f5i kauba kohaletoimetamise viibimise eest juhul, kui kahju v\u00f5i kauba kohaletoimetamise viibimine on tingitud asjaoludest, mida veebipood www.flambrex.ee ei saanud m\u00f5jutada v\u00f5i ette n\u00e4ha (force majeure).<\/span><\/p><ol start=\"10\"><li><b> Kliendi isikuandmete t\u00f6\u00f6tlemine<\/b><\/li><\/ol><p><span style=\"font-weight: 400;\">10.1 M\u00fc\u00fcja kasutab kliendi isikuandmeid j\u00e4rgmistel eesm\u00e4rkidel:<\/span><span style=\"font-weight: 400;\"><br \/><\/span><span style=\"font-weight: 400;\">\u2013 esitatud tellimuse t\u00e4itmine;<\/span><span style=\"font-weight: 400;\"><br \/><\/span><span style=\"font-weight: 400;\">\u2013 kliendiga suhtlemine;<\/span><span style=\"font-weight: 400;\"><br \/><\/span><span style=\"font-weight: 400;\">\u2013 kliendi p\u00e4ringutele vastamine;<\/span><span style=\"font-weight: 400;\"><br \/><\/span><span style=\"font-weight: 400;\">\u2013 \u00f5igustatud huvi;<\/span><span style=\"font-weight: 400;\"><br \/><\/span><span style=\"font-weight: 400;\">\u2013 tarbijaharjumuste uurimine;<\/span><span style=\"font-weight: 400;\"><br \/><\/span><span style=\"font-weight: 400;\">\u2013 m\u00fc\u00fcgistatistika koostamine;<\/span><span style=\"font-weight: 400;\"><br \/><\/span><span style=\"font-weight: 400;\">\u2013 veebipoe teenuste haldamine, arendamine, parendamine.<\/span><\/p><p><span style=\"font-weight: 400;\">10.2 Panamir O\u00dc on isikuandmete vastutav t\u00f6\u00f6tleja.\u00a0<\/span><\/p><p><span style=\"font-weight: 400;\">10.3 Juhul, kui Ostja leiab, et M\u00fc\u00fcja teenuse osutamisel rikutakse isikuandmete t\u00f6\u00f6tlemisel Ostja \u00f5iguseid, on Ostjal \u00f5igus k\u00fcsida t\u00e4iendavat informatsiooni M\u00fc\u00fcjalt e-kirja teel sales@panamir.com<\/span><\/p>\t\t\t\t\t\t\t\t<\/div>\n\t\t\t\t<\/div>\n\t\t\t\t\t<\/div>\n\t\t\t\t<\/div>\n\t\t\t\t<\/div>\n\t\t","protected":false},"excerpt":{"rendered":"<p>M\u00fc\u00fcgi-ja tarnetingimused \u00dcldtingimused 1.1 Panamir O\u00dc\u00a0 (registrikood\u00a011458825, KMKR EE101701583) on kaubandusega tegelev ettev\u00f5te, kes m\u00fc\u00fcb veebikeskkonnas (edaspidi Veebipood). aadressil https:\/\/panamir.com\/shop\/ kaupu (edaspidi M\u00fc\u00fcja). 1.2 K\u00e4esolevas veebipoe Panamir O\u00dc m\u00fc\u00fcgitingimustes (edaspidi tingimused) on ostjana k\u00e4sitletud isikut, kes soovib osta https:\/\/panamir.com\/shop\/ Panamir O\u00dc tooteid (edaspidi Ostja). 1.3 Tingimustega kehtestatakse Ostja ja M\u00fc\u00fcja \u00f5igused ja kohustused, toodete ostu-m\u00fc\u00fcgi, [&hellip;]<\/p>\n","protected":false},"author":2,"featured_media":0,"parent":0,"menu_order":0,"comment_status":"closed","ping_status":"closed","template":"","meta":{"footnotes":""},"class_list":["post-4423","page","type-page","status-publish","hentry"],"yoast_head":"<!-- This site is optimized with the Yoast SEO plugin v27.1.1 - https:\/\/yoast.com\/product\/yoast-seo-wordpress\/ -->\n<title>Sale terms and Return policy - Panamir<\/title>\n<meta name=\"robots\" content=\"index, follow, max-snippet:-1, max-image-preview:large, max-video-preview:-1\" \/>\n<link rel=\"canonical\" href=\"https:\/\/panamir.com\/et\/sale-terms-and-return-policy\/\" \/>\n<meta property=\"og:locale\" content=\"et_EE\" \/>\n<meta property=\"og:type\" content=\"article\" \/>\n<meta property=\"og:title\" content=\"Sale terms and Return policy - Panamir\" \/>\n<meta property=\"og:description\" content=\"M\u00fc\u00fcgi-ja tarnetingimused \u00dcldtingimused 1.1 Panamir O\u00dc\u00a0 (registrikood\u00a011458825, KMKR EE101701583) on kaubandusega tegelev ettev\u00f5te, kes m\u00fc\u00fcb veebikeskkonnas (edaspidi Veebipood). aadressil https:\/\/panamir.com\/shop\/ kaupu (edaspidi M\u00fc\u00fcja). 1.2 K\u00e4esolevas veebipoe Panamir O\u00dc m\u00fc\u00fcgitingimustes (edaspidi tingimused) on ostjana k\u00e4sitletud isikut, kes soovib osta https:\/\/panamir.com\/shop\/ Panamir O\u00dc tooteid (edaspidi Ostja). 1.3 Tingimustega kehtestatakse Ostja ja M\u00fc\u00fcja \u00f5igused ja kohustused, toodete ostu-m\u00fc\u00fcgi, [&hellip;]\" \/>\n<meta property=\"og:url\" content=\"https:\/\/panamir.com\/et\/sale-terms-and-return-policy\/\" \/>\n<meta property=\"og:site_name\" content=\"Panamir\" \/>\n<meta property=\"article:modified_time\" content=\"2024-07-09T07:12:40+00:00\" \/>\n<meta name=\"twitter:card\" content=\"summary_large_image\" \/>\n<meta name=\"twitter:label1\" content=\"Est. reading time\" \/>\n\t<meta name=\"twitter:data1\" content=\"6 minutit\" \/>\n<script type=\"application\/ld+json\" class=\"yoast-schema-graph\">{\"@context\":\"https:\/\/schema.org\",\"@graph\":[{\"@type\":\"WebPage\",\"@id\":\"https:\/\/panamir.com\/et\/sale-terms-and-return-policy\/\",\"url\":\"https:\/\/panamir.com\/et\/sale-terms-and-return-policy\/\",\"name\":\"Sale terms and Return policy - Panamir\",\"isPartOf\":{\"@id\":\"https:\/\/panamir.com\/#website\"},\"datePublished\":\"2024-06-30T08:19:35+00:00\",\"dateModified\":\"2024-07-09T07:12:40+00:00\",\"breadcrumb\":{\"@id\":\"https:\/\/panamir.com\/et\/sale-terms-and-return-policy\/#breadcrumb\"},\"inLanguage\":\"et\",\"potentialAction\":[{\"@type\":\"ReadAction\",\"target\":[\"https:\/\/panamir.com\/et\/sale-terms-and-return-policy\/\"]}]},{\"@type\":\"BreadcrumbList\",\"@id\":\"https:\/\/panamir.com\/et\/sale-terms-and-return-policy\/#breadcrumb\",\"itemListElement\":[{\"@type\":\"ListItem\",\"position\":1,\"name\":\"\u0413\u043b\u0430\u0432\u043d\u0430\u044f \u0441\u0442\u0440\u0430\u043d\u0438\u0446\u0430\",\"item\":\"https:\/\/panamir.com\/\"},{\"@type\":\"ListItem\",\"position\":2,\"name\":\"Sale terms and Return policy\"}]},{\"@type\":\"WebSite\",\"@id\":\"https:\/\/panamir.com\/#website\",\"url\":\"https:\/\/panamir.com\/\",\"name\":\"Panamir\",\"description\":\"\u041f\u0440\u043e\u0434\u0430\u0436\u0430 \u043a\u0430\u043a\u0430\u043e \u0432\u044b\u0441\u043e\u043a\u043e\u0433\u043e \u043a\u0430\u0447\u0435\u0441\u0442\u0432\u0430\",\"potentialAction\":[{\"@type\":\"SearchAction\",\"target\":{\"@type\":\"EntryPoint\",\"urlTemplate\":\"https:\/\/panamir.com\/?s={search_term_string}\"},\"query-input\":{\"@type\":\"PropertyValueSpecification\",\"valueRequired\":true,\"valueName\":\"search_term_string\"}}],\"inLanguage\":\"et\"}]}<\/script>\n<!-- \/ Yoast SEO plugin. -->","yoast_head_json":{"title":"Sale terms and Return policy - Panamir","robots":{"index":"index","follow":"follow","max-snippet":"max-snippet:-1","max-image-preview":"max-image-preview:large","max-video-preview":"max-video-preview:-1"},"canonical":"https:\/\/panamir.com\/et\/sale-terms-and-return-policy\/","og_locale":"et_EE","og_type":"article","og_title":"Sale terms and Return policy - Panamir","og_description":"M\u00fc\u00fcgi-ja tarnetingimused \u00dcldtingimused 1.1 Panamir O\u00dc\u00a0 (registrikood\u00a011458825, KMKR EE101701583) on kaubandusega tegelev ettev\u00f5te, kes m\u00fc\u00fcb veebikeskkonnas (edaspidi Veebipood). aadressil https:\/\/panamir.com\/shop\/ kaupu (edaspidi M\u00fc\u00fcja). 1.2 K\u00e4esolevas veebipoe Panamir O\u00dc m\u00fc\u00fcgitingimustes (edaspidi tingimused) on ostjana k\u00e4sitletud isikut, kes soovib osta https:\/\/panamir.com\/shop\/ Panamir O\u00dc tooteid (edaspidi Ostja). 1.3 Tingimustega kehtestatakse Ostja ja M\u00fc\u00fcja \u00f5igused ja kohustused, toodete ostu-m\u00fc\u00fcgi, [&hellip;]","og_url":"https:\/\/panamir.com\/et\/sale-terms-and-return-policy\/","og_site_name":"Panamir","article_modified_time":"2024-07-09T07:12:40+00:00","twitter_card":"summary_large_image","twitter_misc":{"Est. reading time":"6 minutit"},"schema":{"@context":"https:\/\/schema.org","@graph":[{"@type":"WebPage","@id":"https:\/\/panamir.com\/et\/sale-terms-and-return-policy\/","url":"https:\/\/panamir.com\/et\/sale-terms-and-return-policy\/","name":"Sale terms and Return policy - Panamir","isPartOf":{"@id":"https:\/\/panamir.com\/#website"},"datePublished":"2024-06-30T08:19:35+00:00","dateModified":"2024-07-09T07:12:40+00:00","breadcrumb":{"@id":"https:\/\/panamir.com\/et\/sale-terms-and-return-policy\/#breadcrumb"},"inLanguage":"et","potentialAction":[{"@type":"ReadAction","target":["https:\/\/panamir.com\/et\/sale-terms-and-return-policy\/"]}]},{"@type":"BreadcrumbList","@id":"https:\/\/panamir.com\/et\/sale-terms-and-return-policy\/#breadcrumb","itemListElement":[{"@type":"ListItem","position":1,"name":"\u0413\u043b\u0430\u0432\u043d\u0430\u044f \u0441\u0442\u0440\u0430\u043d\u0438\u0446\u0430","item":"https:\/\/panamir.com\/"},{"@type":"ListItem","position":2,"name":"Sale terms and Return policy"}]},{"@type":"WebSite","@id":"https:\/\/panamir.com\/#website","url":"https:\/\/panamir.com\/","name":"Panamir","description":"\u041f\u0440\u043e\u0434\u0430\u0436\u0430 \u043a\u0430\u043a\u0430\u043e \u0432\u044b\u0441\u043e\u043a\u043e\u0433\u043e \u043a\u0430\u0447\u0435\u0441\u0442\u0432\u0430","potentialAction":[{"@type":"SearchAction","target":{"@type":"EntryPoint","urlTemplate":"https:\/\/panamir.com\/?s={search_term_string}"},"query-input":{"@type":"PropertyValueSpecification","valueRequired":true,"valueName":"search_term_string"}}],"inLanguage":"et"}]}},"_links":{"self":[{"href":"https:\/\/panamir.com\/et\/wp-json\/wp\/v2\/pages\/4423","targetHints":{"allow":["GET"]}}],"collection":[{"href":"https:\/\/panamir.com\/et\/wp-json\/wp\/v2\/pages"}],"about":[{"href":"https:\/\/panamir.com\/et\/wp-json\/wp\/v2\/types\/page"}],"author":[{"embeddable":true,"href":"https:\/\/panamir.com\/et\/wp-json\/wp\/v2\/users\/2"}],"replies":[{"embeddable":true,"href":"https:\/\/panamir.com\/et\/wp-json\/wp\/v2\/comments?post=4423"}],"version-history":[{"count":4,"href":"https:\/\/panamir.com\/et\/wp-json\/wp\/v2\/pages\/4423\/revisions"}],"predecessor-version":[{"id":4478,"href":"https:\/\/panamir.com\/et\/wp-json\/wp\/v2\/pages\/4423\/revisions\/4478"}],"wp:attachment":[{"href":"https:\/\/panamir.com\/et\/wp-json\/wp\/v2\/media?parent=4423"}],"curies":[{"name":"wp","href":"https:\/\/api.w.org\/{rel}","templated":true}]}}